{"id":1126,"date":"2025-01-09T17:16:52","date_gmt":"2025-01-09T15:16:52","guid":{"rendered":"https:\/\/vesturiskiaktivs.lv\/audio-files\/"},"modified":"2025-05-08T14:45:23","modified_gmt":"2025-05-08T11:45:23","slug":"audio-files","status":"publish","type":"page","link":"https:\/\/vesturiskiaktivs.lv\/en\/audio-files\/","title":{"rendered":"Audio Files"},"content":{"rendered":"\t\t<div data-elementor-type=\"wp-page\" data-elementor-id=\"1126\" class=\"elementor elementor-1126 elementor-137\" data-elementor-post-type=\"page\">\n\t\t\t\t\t\t<section class=\"elementor-section elementor-top-section elementor-element elementor-element-2c887046 elementor-section-full_width elementor-section-height-min-height elementor-section-height-default elementor-section-items-middle\" data-id=\"2c887046\" data-element_type=\"section\" data-e-type=\"section\" data-settings=\"{&quot;mdp_selection_sticky_effect_enable&quot;:false}\">\n\t\t\t\t\t\t<div class=\"elementor-container elementor-column-gap-default\">\n\t\t\t\t\t<div class=\"elementor-column elementor-col-100 elementor-top-column elementor-element elementor-element-7a0b6522\" data-id=\"7a0b6522\" data-element_type=\"column\" data-e-type=\"column\" data-settings=\"{&quot;background_background&quot;:&quot;classic&quot;,&quot;mdp_selection_sticky_column_effect_enable&quot;:false}\">\n\t\t\t<div class=\"elementor-widget-wrap elementor-element-populated\">\n\t\t\t\t\t<div class=\"elementor-background-overlay\"><\/div>\n\t\t\t\t\t\t<div class=\"elementor-element elementor-element-7e21c748 elementor-widget elementor-widget-heading\" data-id=\"7e21c748\" data-element_type=\"widget\" data-e-type=\"widget\" data-widget_type=\"heading.default\">\n\t\t\t\t<div class=\"elementor-widget-container\">\n\t\t\t\t\t<h1 class=\"elementor-heading-title elementor-size-default\">AUDIO FILES<\/h1>\t\t\t\t<\/div>\n\t\t\t\t<\/div>\n\t\t\t\t\t<\/div>\n\t\t<\/div>\n\t\t\t\t\t<\/div>\n\t\t<\/section>\n\t\t\t\t<section class=\"elementor-section elementor-top-section elementor-element elementor-element-47fc47f5 elementor-section-boxed elementor-section-height-default elementor-section-height-default\" data-id=\"47fc47f5\" data-element_type=\"section\" data-e-type=\"section\" data-settings=\"{&quot;mdp_selection_sticky_effect_enable&quot;:false}\">\n\t\t\t\t\t\t<div class=\"elementor-container elementor-column-gap-default\">\n\t\t\t\t\t<div class=\"elementor-column elementor-col-100 elementor-top-column elementor-element elementor-element-5b562204\" data-id=\"5b562204\" data-element_type=\"column\" data-e-type=\"column\" data-settings=\"{&quot;background_background&quot;:&quot;classic&quot;,&quot;mdp_selection_sticky_column_effect_enable&quot;:false}\">\n\t\t\t<div class=\"elementor-widget-wrap elementor-element-populated\">\n\t\t\t\t\t\t<div class=\"elementor-element elementor-element-58c9977c elementor-widget-divider--view-line elementor-widget elementor-widget-divider\" data-id=\"58c9977c\" data-element_type=\"widget\" data-e-type=\"widget\" data-widget_type=\"divider.default\">\n\t\t\t\t<div class=\"elementor-widget-container\">\n\t\t\t\t\t\t\t<div class=\"elementor-divider\">\n\t\t\t<span class=\"elementor-divider-separator\">\n\t\t\t\t\t\t<\/span>\n\t\t<\/div>\n\t\t\t\t\t\t<\/div>\n\t\t\t\t<\/div>\n\t\t\t\t<section class=\"elementor-section elementor-inner-section elementor-element elementor-element-6ef2350f elementor-section-boxed elementor-section-height-default elementor-section-height-default\" data-id=\"6ef2350f\" data-element_type=\"section\" data-e-type=\"section\" data-settings=\"{&quot;mdp_selection_sticky_effect_enable&quot;:false}\">\n\t\t\t\t\t\t<div class=\"elementor-container elementor-column-gap-default\">\n\t\t\t\t\t<div class=\"elementor-column elementor-col-100 elementor-inner-column elementor-element elementor-element-2212a5dd\" data-id=\"2212a5dd\" data-element_type=\"column\" data-e-type=\"column\" data-settings=\"{&quot;mdp_selection_sticky_column_effect_enable&quot;:false}\">\n\t\t\t<div class=\"elementor-widget-wrap elementor-element-populated\">\n\t\t\t\t\t\t<div class=\"elementor-element elementor-element-cbdceab elementor-widget elementor-widget-heading\" data-id=\"cbdceab\" data-element_type=\"widget\" data-e-type=\"widget\" data-widget_type=\"heading.default\">\n\t\t\t\t<div class=\"elementor-widget-container\">\n\t\t\t\t\t<h2 class=\"elementor-heading-title elementor-size-default\">AUDIO #1<\/h2>\t\t\t\t<\/div>\n\t\t\t\t<\/div>\n\t\t\t\t\t<\/div>\n\t\t<\/div>\n\t\t\t\t\t<\/div>\n\t\t<\/section>\n\t\t\t\t<section class=\"elementor-section elementor-inner-section elementor-element elementor-element-667118f elementor-section-boxed elementor-section-height-default elementor-section-height-default\" data-id=\"667118f\" data-element_type=\"section\" data-e-type=\"section\" data-settings=\"{&quot;mdp_selection_sticky_effect_enable&quot;:false}\">\n\t\t\t\t\t\t<div class=\"elementor-container elementor-column-gap-default\">\n\t\t\t\t\t<div class=\"elementor-column elementor-col-100 elementor-inner-column elementor-element elementor-element-529417bf\" data-id=\"529417bf\" data-element_type=\"column\" data-e-type=\"column\" data-settings=\"{&quot;mdp_selection_sticky_column_effect_enable&quot;:false}\">\n\t\t\t<div class=\"elementor-widget-wrap elementor-element-populated\">\n\t\t\t\t\t\t<div class=\"elementor-element elementor-element-be9fb12 elementor-widget elementor-widget-text-editor\" data-id=\"be9fb12\" data-element_type=\"widget\" data-e-type=\"widget\" data-widget_type=\"text-editor.default\">\n\t\t\t\t<div class=\"elementor-widget-container\">\n\t\t\t\t\t\t\t\t\t<audio class=\"wp-audio-shortcode\" id=\"audio-1126-1\" preload=\"none\" style=\"width: 100%;\" controls=\"controls\"><source type=\"audio\/mpeg\" src=\"https:\/\/vesturiskiaktivs.lv\/wp-content\/uploads\/2025\/01\/Im-So-Tired-Remastered-2009.mp3?_=1\" \/><a href=\"https:\/\/vesturiskiaktivs.lv\/wp-content\/uploads\/2025\/01\/Im-So-Tired-Remastered-2009.mp3\">https:\/\/vesturiskiaktivs.lv\/wp-content\/uploads\/2025\/01\/Im-So-Tired-Remastered-2009.mp3<\/a><\/audio>\n\t\t\t\t\t\t\t\t<\/div>\n\t\t\t\t<\/div>\n\t\t\t\t<div class=\"elementor-element elementor-element-58191d0 elementor-widget elementor-widget-text-editor\" data-id=\"58191d0\" data-element_type=\"widget\" data-e-type=\"widget\" data-widget_type=\"text-editor.default\">\n\t\t\t\t<div class=\"elementor-widget-container\">\n\t\t\t\t\t\t\t\t\t<p>Description of Audio<\/p>\n\t\t\t\t\t\t\t\t<\/div>\n\t\t\t\t<\/div>\n\t\t\t\t\t<\/div>\n\t\t<\/div>\n\t\t\t\t\t<\/div>\n\t\t<\/section>\n\t\t\t\t<div class=\"elementor-element elementor-element-764c7e77 elementor-widget-divider--view-line elementor-widget elementor-widget-divider\" data-id=\"764c7e77\" data-element_type=\"widget\" data-e-type=\"widget\" data-widget_type=\"divider.default\">\n\t\t\t\t<div class=\"elementor-widget-container\">\n\t\t\t\t\t\t\t<div class=\"elementor-divider\">\n\t\t\t<span class=\"elementor-divider-separator\">\n\t\t\t\t\t\t<\/span>\n\t\t<\/div>\n\t\t\t\t\t\t<\/div>\n\t\t\t\t<\/div>\n\t\t\t\t\t<\/div>\n\t\t<\/div>\n\t\t\t\t\t<\/div>\n\t\t<\/section>\n\t\t\t\t<section class=\"elementor-section elementor-top-section elementor-element elementor-element-9e31ffb elementor-section-boxed elementor-section-height-default elementor-section-height-default\" data-id=\"9e31ffb\" data-element_type=\"section\" data-e-type=\"section\" data-settings=\"{&quot;mdp_selection_sticky_effect_enable&quot;:false}\">\n\t\t\t\t\t\t<div class=\"elementor-container elementor-column-gap-default\">\n\t\t\t\t\t<div class=\"elementor-column elementor-col-100 elementor-top-column elementor-element elementor-element-bea3140\" data-id=\"bea3140\" data-element_type=\"column\" data-e-type=\"column\" data-settings=\"{&quot;background_background&quot;:&quot;classic&quot;,&quot;mdp_selection_sticky_column_effect_enable&quot;:false}\">\n\t\t\t<div class=\"elementor-widget-wrap elementor-element-populated\">\n\t\t\t\t\t\t<div class=\"elementor-element elementor-element-5fd5656 elementor-widget-divider--view-line elementor-widget elementor-widget-divider\" data-id=\"5fd5656\" data-element_type=\"widget\" data-e-type=\"widget\" data-widget_type=\"divider.default\">\n\t\t\t\t<div class=\"elementor-widget-container\">\n\t\t\t\t\t\t\t<div class=\"elementor-divider\">\n\t\t\t<span class=\"elementor-divider-separator\">\n\t\t\t\t\t\t<\/span>\n\t\t<\/div>\n\t\t\t\t\t\t<\/div>\n\t\t\t\t<\/div>\n\t\t\t\t<section class=\"elementor-section elementor-inner-section elementor-element elementor-element-9f13912 elementor-section-boxed elementor-section-height-default elementor-section-height-default\" data-id=\"9f13912\" data-element_type=\"section\" data-e-type=\"section\" data-settings=\"{&quot;mdp_selection_sticky_effect_enable&quot;:false}\">\n\t\t\t\t\t\t<div class=\"elementor-container elementor-column-gap-default\">\n\t\t\t\t\t<div class=\"elementor-column elementor-col-100 elementor-inner-column elementor-element elementor-element-e103d24\" data-id=\"e103d24\" data-element_type=\"column\" data-e-type=\"column\" data-settings=\"{&quot;mdp_selection_sticky_column_effect_enable&quot;:false}\">\n\t\t\t<div class=\"elementor-widget-wrap elementor-element-populated\">\n\t\t\t\t\t\t<div class=\"elementor-element elementor-element-b1901d9 elementor-widget elementor-widget-heading\" data-id=\"b1901d9\" data-element_type=\"widget\" data-e-type=\"widget\" data-widget_type=\"heading.default\">\n\t\t\t\t<div class=\"elementor-widget-container\">\n\t\t\t\t\t<h2 class=\"elementor-heading-title elementor-size-default\">AUDIO #2<\/h2>\t\t\t\t<\/div>\n\t\t\t\t<\/div>\n\t\t\t\t\t<\/div>\n\t\t<\/div>\n\t\t\t\t\t<\/div>\n\t\t<\/section>\n\t\t\t\t<section class=\"elementor-section elementor-inner-section elementor-element elementor-element-b2ecadc elementor-section-boxed elementor-section-height-default elementor-section-height-default\" data-id=\"b2ecadc\" data-element_type=\"section\" data-e-type=\"section\" data-settings=\"{&quot;mdp_selection_sticky_effect_enable&quot;:false}\">\n\t\t\t\t\t\t<div class=\"elementor-container elementor-column-gap-default\">\n\t\t\t\t\t<div class=\"elementor-column elementor-col-100 elementor-inner-column elementor-element elementor-element-c07efd8\" data-id=\"c07efd8\" data-element_type=\"column\" data-e-type=\"column\" data-settings=\"{&quot;mdp_selection_sticky_column_effect_enable&quot;:false}\">\n\t\t\t<div class=\"elementor-widget-wrap elementor-element-populated\">\n\t\t\t\t\t\t<div class=\"elementor-element elementor-element-54427e4 elementor-widget elementor-widget-text-editor\" data-id=\"54427e4\" data-element_type=\"widget\" data-e-type=\"widget\" data-widget_type=\"text-editor.default\">\n\t\t\t\t<div class=\"elementor-widget-container\">\n\t\t\t\t\t\t\t\t\t<audio class=\"wp-audio-shortcode\" id=\"audio-1126-2\" preload=\"none\" style=\"width: 100%;\" controls=\"controls\"><source type=\"audio\/mpeg\" src=\"https:\/\/vesturiskiaktivs.lv\/wp-content\/uploads\/2025\/01\/Im-So-Tired-Remastered-2009.mp3?_=2\" \/><a href=\"https:\/\/vesturiskiaktivs.lv\/wp-content\/uploads\/2025\/01\/Im-So-Tired-Remastered-2009.mp3\">https:\/\/vesturiskiaktivs.lv\/wp-content\/uploads\/2025\/01\/Im-So-Tired-Remastered-2009.mp3<\/a><\/audio>\n\t\t\t\t\t\t\t\t<\/div>\n\t\t\t\t<\/div>\n\t\t\t\t<div class=\"elementor-element elementor-element-1623ad0 elementor-widget elementor-widget-text-editor\" data-id=\"1623ad0\" data-element_type=\"widget\" data-e-type=\"widget\" data-widget_type=\"text-editor.default\">\n\t\t\t\t<div class=\"elementor-widget-container\">\n\t\t\t\t\t\t\t\t\t<p>Description of Audio<\/p>\n\t\t\t\t\t\t\t\t<\/div>\n\t\t\t\t<\/div>\n\t\t\t\t\t<\/div>\n\t\t<\/div>\n\t\t\t\t\t<\/div>\n\t\t<\/section>\n\t\t\t\t<div class=\"elementor-element elementor-element-e8fc6b5 elementor-widget-divider--view-line elementor-widget elementor-widget-divider\" data-id=\"e8fc6b5\" data-element_type=\"widget\" data-e-type=\"widget\" data-widget_type=\"divider.default\">\n\t\t\t\t<div class=\"elementor-widget-container\">\n\t\t\t\t\t\t\t<div class=\"elementor-divider\">\n\t\t\t<span class=\"elementor-divider-separator\">\n\t\t\t\t\t\t<\/span>\n\t\t<\/div>\n\t\t\t\t\t\t<\/div>\n\t\t\t\t<\/div>\n\t\t\t\t\t<\/div>\n\t\t<\/div>\n\t\t\t\t\t<\/div>\n\t\t<\/section>\n\t\t\t\t<section class=\"elementor-section elementor-top-section elementor-element elementor-element-f24f506 elementor-section-boxed elementor-section-height-default elementor-section-height-default\" data-id=\"f24f506\" data-element_type=\"section\" data-e-type=\"section\" data-settings=\"{&quot;mdp_selection_sticky_effect_enable&quot;:false}\">\n\t\t\t\t\t\t<div class=\"elementor-container elementor-column-gap-default\">\n\t\t\t\t\t<div class=\"elementor-column elementor-col-100 elementor-top-column elementor-element elementor-element-55c763c\" data-id=\"55c763c\" data-element_type=\"column\" data-e-type=\"column\" data-settings=\"{&quot;background_background&quot;:&quot;classic&quot;,&quot;mdp_selection_sticky_column_effect_enable&quot;:false}\">\n\t\t\t<div class=\"elementor-widget-wrap elementor-element-populated\">\n\t\t\t\t\t\t<div class=\"elementor-element elementor-element-010e482 elementor-widget-divider--view-line elementor-widget elementor-widget-divider\" data-id=\"010e482\" data-element_type=\"widget\" data-e-type=\"widget\" data-widget_type=\"divider.default\">\n\t\t\t\t<div class=\"elementor-widget-container\">\n\t\t\t\t\t\t\t<div class=\"elementor-divider\">\n\t\t\t<span class=\"elementor-divider-separator\">\n\t\t\t\t\t\t<\/span>\n\t\t<\/div>\n\t\t\t\t\t\t<\/div>\n\t\t\t\t<\/div>\n\t\t\t\t<section class=\"elementor-section elementor-inner-section elementor-element elementor-element-a70307c elementor-section-boxed elementor-section-height-default elementor-section-height-default\" data-id=\"a70307c\" data-element_type=\"section\" data-e-type=\"section\" data-settings=\"{&quot;mdp_selection_sticky_effect_enable&quot;:false}\">\n\t\t\t\t\t\t<div class=\"elementor-container elementor-column-gap-default\">\n\t\t\t\t\t<div class=\"elementor-column elementor-col-100 elementor-inner-column elementor-element elementor-element-db8a00f\" data-id=\"db8a00f\" data-element_type=\"column\" data-e-type=\"column\" data-settings=\"{&quot;mdp_selection_sticky_column_effect_enable&quot;:false}\">\n\t\t\t<div class=\"elementor-widget-wrap elementor-element-populated\">\n\t\t\t\t\t\t<div class=\"elementor-element elementor-element-32c7769 elementor-widget elementor-widget-heading\" data-id=\"32c7769\" data-element_type=\"widget\" data-e-type=\"widget\" data-widget_type=\"heading.default\">\n\t\t\t\t<div class=\"elementor-widget-container\">\n\t\t\t\t\t<h2 class=\"elementor-heading-title elementor-size-default\">AUDIO #3<\/h2>\t\t\t\t<\/div>\n\t\t\t\t<\/div>\n\t\t\t\t\t<\/div>\n\t\t<\/div>\n\t\t\t\t\t<\/div>\n\t\t<\/section>\n\t\t\t\t<section class=\"elementor-section elementor-inner-section elementor-element elementor-element-a29ccc9 elementor-section-boxed elementor-section-height-default elementor-section-height-default\" data-id=\"a29ccc9\" data-element_type=\"section\" data-e-type=\"section\" data-settings=\"{&quot;mdp_selection_sticky_effect_enable&quot;:false}\">\n\t\t\t\t\t\t<div class=\"elementor-container elementor-column-gap-default\">\n\t\t\t\t\t<div class=\"elementor-column elementor-col-100 elementor-inner-column elementor-element elementor-element-5759e98\" data-id=\"5759e98\" data-element_type=\"column\" data-e-type=\"column\" data-settings=\"{&quot;mdp_selection_sticky_column_effect_enable&quot;:false}\">\n\t\t\t<div class=\"elementor-widget-wrap elementor-element-populated\">\n\t\t\t\t\t\t<div class=\"elementor-element elementor-element-acbc8cb elementor-widget elementor-widget-text-editor\" data-id=\"acbc8cb\" data-element_type=\"widget\" data-e-type=\"widget\" data-widget_type=\"text-editor.default\">\n\t\t\t\t<div class=\"elementor-widget-container\">\n\t\t\t\t\t\t\t\t\t<audio class=\"wp-audio-shortcode\" id=\"audio-1126-3\" preload=\"none\" style=\"width: 100%;\" controls=\"controls\"><source type=\"audio\/mpeg\" src=\"https:\/\/vesturiskiaktivs.lv\/wp-content\/uploads\/2025\/01\/Im-So-Tired-Remastered-2009.mp3?_=3\" \/><a href=\"https:\/\/vesturiskiaktivs.lv\/wp-content\/uploads\/2025\/01\/Im-So-Tired-Remastered-2009.mp3\">https:\/\/vesturiskiaktivs.lv\/wp-content\/uploads\/2025\/01\/Im-So-Tired-Remastered-2009.mp3<\/a><\/audio>\n\t\t\t\t\t\t\t\t<\/div>\n\t\t\t\t<\/div>\n\t\t\t\t<div class=\"elementor-element elementor-element-86dc38f elementor-widget elementor-widget-text-editor\" data-id=\"86dc38f\" data-element_type=\"widget\" data-e-type=\"widget\" data-widget_type=\"text-editor.default\">\n\t\t\t\t<div class=\"elementor-widget-container\">\n\t\t\t\t\t\t\t\t\t<p>Description of Audio<\/p>\n\t\t\t\t\t\t\t\t<\/div>\n\t\t\t\t<\/div>\n\t\t\t\t\t<\/div>\n\t\t<\/div>\n\t\t\t\t\t<\/div>\n\t\t<\/section>\n\t\t\t\t<div class=\"elementor-element elementor-element-8439835 elementor-widget-divider--view-line elementor-widget elementor-widget-divider\" data-id=\"8439835\" data-element_type=\"widget\" data-e-type=\"widget\" data-widget_type=\"divider.default\">\n\t\t\t\t<div class=\"elementor-widget-container\">\n\t\t\t\t\t\t\t<div class=\"elementor-divider\">\n\t\t\t<span class=\"elementor-divider-separator\">\n\t\t\t\t\t\t<\/span>\n\t\t<\/div>\n\t\t\t\t\t\t<\/div>\n\t\t\t\t<\/div>\n\t\t\t\t\t<\/div>\n\t\t<\/div>\n\t\t\t\t\t<\/div>\n\t\t<\/section>\n\t\t\t\t<\/div>\n\t\t","protected":false},"excerpt":{"rendered":"<p>AUDIO FILES AUDIO #1 Description of Audio AUDIO #2 Description of Audio AUDIO #3 Description of Audio<\/p>\n","protected":false},"author":1,"featured_media":0,"parent":0,"menu_order":0,"comment_status":"closed","ping_status":"closed","template":"elementor_header_footer","meta":{"footnotes":""},"categories":[27],"class_list":["post-1126","page","type-page","status-publish","hentry","category-repository"],"yoast_head":"<!-- This site is optimized with the Yoast SEO plugin v27.4 - https:\/\/yoast.com\/product\/yoast-seo-wordpress\/ -->\n<title>Audio Files - V\u0113sturiski akt\u012bvs<\/title>\n<meta name=\"description\" content=\"AUDIO FILES\" \/>\n<meta name=\"robots\" content=\"index, follow, max-snippet:-1, max-image-preview:large, max-video-preview:-1\" \/>\n<link rel=\"canonical\" href=\"https:\/\/vesturiskiaktivs.lv\/en\/audio-files\/\" \/>\n<meta property=\"og:locale\" content=\"en_US\" \/>\n<meta property=\"og:type\" content=\"article\" \/>\n<meta property=\"og:title\" content=\"Audio Files - V\u0113sturiski akt\u012bvs\" \/>\n<meta property=\"og:description\" content=\"AUDIO FILES\" \/>\n<meta property=\"og:url\" content=\"https:\/\/vesturiskiaktivs.lv\/en\/audio-files\/\" \/>\n<meta property=\"og:site_name\" content=\"V\u0113sturiski akt\u012bvs\" \/>\n<meta property=\"article:publisher\" content=\"https:\/\/www.facebook.com\/vesturiskiaktivs\" \/>\n<meta property=\"article:modified_time\" content=\"2025-05-08T11:45:23+00:00\" \/>\n<meta property=\"og:image\" content=\"https:\/\/vesturiskiaktivs.lv\/wp-content\/uploads\/2024\/12\/vest.png\" \/>\n\t<meta property=\"og:image:width\" content=\"195\" \/>\n\t<meta property=\"og:image:height\" content=\"75\" \/>\n\t<meta property=\"og:image:type\" content=\"image\/png\" \/>\n<meta name=\"twitter:card\" content=\"summary_large_image\" \/>\n<script type=\"application\/ld+json\" class=\"yoast-schema-graph\">{\"@context\":\"https:\\\/\\\/schema.org\",\"@graph\":[{\"@type\":\"WebPage\",\"@id\":\"https:\\\/\\\/vesturiskiaktivs.lv\\\/en\\\/audio-files\\\/\",\"url\":\"https:\\\/\\\/vesturiskiaktivs.lv\\\/en\\\/audio-files\\\/\",\"name\":\"Audio Files - V\u0113sturiski akt\u012bvs\",\"isPartOf\":{\"@id\":\"https:\\\/\\\/vesturiskiaktivs.lv\\\/en\\\/#website\"},\"datePublished\":\"2025-01-09T15:16:52+00:00\",\"dateModified\":\"2025-05-08T11:45:23+00:00\",\"description\":\"AUDIO FILES\",\"breadcrumb\":{\"@id\":\"https:\\\/\\\/vesturiskiaktivs.lv\\\/en\\\/audio-files\\\/#breadcrumb\"},\"inLanguage\":\"en-US\",\"potentialAction\":[{\"@type\":\"ReadAction\",\"target\":[\"https:\\\/\\\/vesturiskiaktivs.lv\\\/en\\\/audio-files\\\/\"]}]},{\"@type\":\"BreadcrumbList\",\"@id\":\"https:\\\/\\\/vesturiskiaktivs.lv\\\/en\\\/audio-files\\\/#breadcrumb\",\"itemListElement\":[{\"@type\":\"ListItem\",\"position\":1,\"name\":\"Home\",\"item\":\"https:\\\/\\\/vesturiskiaktivs.lv\\\/en\\\/\"},{\"@type\":\"ListItem\",\"position\":2,\"name\":\"Audio Files\"}]},{\"@type\":\"WebSite\",\"@id\":\"https:\\\/\\\/vesturiskiaktivs.lv\\\/en\\\/#website\",\"url\":\"https:\\\/\\\/vesturiskiaktivs.lv\\\/en\\\/\",\"name\":\"V\u0113sturiski akt\u012bvs\",\"description\":\"Piedz\u012bvojums ik katram\",\"publisher\":{\"@id\":\"https:\\\/\\\/vesturiskiaktivs.lv\\\/en\\\/#organization\"},\"potentialAction\":[{\"@type\":\"SearchAction\",\"target\":{\"@type\":\"EntryPoint\",\"urlTemplate\":\"https:\\\/\\\/vesturiskiaktivs.lv\\\/en\\\/?s={search_term_string}\"},\"query-input\":{\"@type\":\"PropertyValueSpecification\",\"valueRequired\":true,\"valueName\":\"search_term_string\"}}],\"inLanguage\":\"en-US\"},{\"@type\":\"Organization\",\"@id\":\"https:\\\/\\\/vesturiskiaktivs.lv\\\/en\\\/#organization\",\"name\":\"V\u0113sturiski akt\u012bvs\",\"url\":\"https:\\\/\\\/vesturiskiaktivs.lv\\\/en\\\/\",\"logo\":{\"@type\":\"ImageObject\",\"inLanguage\":\"en-US\",\"@id\":\"https:\\\/\\\/vesturiskiaktivs.lv\\\/en\\\/#\\\/schema\\\/logo\\\/image\\\/\",\"url\":\"https:\\\/\\\/vesturiskiaktivs.lv\\\/wp-content\\\/uploads\\\/2024\\\/12\\\/cropped-vest.png\",\"contentUrl\":\"https:\\\/\\\/vesturiskiaktivs.lv\\\/wp-content\\\/uploads\\\/2024\\\/12\\\/cropped-vest.png\",\"width\":195,\"height\":75,\"caption\":\"V\u0113sturiski akt\u012bvs\"},\"image\":{\"@id\":\"https:\\\/\\\/vesturiskiaktivs.lv\\\/en\\\/#\\\/schema\\\/logo\\\/image\\\/\"},\"sameAs\":[\"https:\\\/\\\/www.facebook.com\\\/vesturiskiaktivs\",\"https:\\\/\\\/www.instagram.com\\\/vesturiskiaktivs\\\/\",\"https:\\\/\\\/www.youtube.com\\\/channel\\\/UCjnwl9_afUvVSCsrMLrz6jQ\\\/videos\"]}]}<\/script>\n<!-- \/ Yoast SEO plugin. -->","yoast_head_json":{"title":"Audio Files - V\u0113sturiski akt\u012bvs","description":"AUDIO FILES","robots":{"index":"index","follow":"follow","max-snippet":"max-snippet:-1","max-image-preview":"max-image-preview:large","max-video-preview":"max-video-preview:-1"},"canonical":"https:\/\/vesturiskiaktivs.lv\/en\/audio-files\/","og_locale":"en_US","og_type":"article","og_title":"Audio Files - V\u0113sturiski akt\u012bvs","og_description":"AUDIO FILES","og_url":"https:\/\/vesturiskiaktivs.lv\/en\/audio-files\/","og_site_name":"V\u0113sturiski akt\u012bvs","article_publisher":"https:\/\/www.facebook.com\/vesturiskiaktivs","article_modified_time":"2025-05-08T11:45:23+00:00","og_image":[{"width":195,"height":75,"url":"https:\/\/vesturiskiaktivs.lv\/wp-content\/uploads\/2024\/12\/vest.png","type":"image\/png"}],"twitter_card":"summary_large_image","schema":{"@context":"https:\/\/schema.org","@graph":[{"@type":"WebPage","@id":"https:\/\/vesturiskiaktivs.lv\/en\/audio-files\/","url":"https:\/\/vesturiskiaktivs.lv\/en\/audio-files\/","name":"Audio Files - V\u0113sturiski akt\u012bvs","isPartOf":{"@id":"https:\/\/vesturiskiaktivs.lv\/en\/#website"},"datePublished":"2025-01-09T15:16:52+00:00","dateModified":"2025-05-08T11:45:23+00:00","description":"AUDIO FILES","breadcrumb":{"@id":"https:\/\/vesturiskiaktivs.lv\/en\/audio-files\/#breadcrumb"},"inLanguage":"en-US","potentialAction":[{"@type":"ReadAction","target":["https:\/\/vesturiskiaktivs.lv\/en\/audio-files\/"]}]},{"@type":"BreadcrumbList","@id":"https:\/\/vesturiskiaktivs.lv\/en\/audio-files\/#breadcrumb","itemListElement":[{"@type":"ListItem","position":1,"name":"Home","item":"https:\/\/vesturiskiaktivs.lv\/en\/"},{"@type":"ListItem","position":2,"name":"Audio Files"}]},{"@type":"WebSite","@id":"https:\/\/vesturiskiaktivs.lv\/en\/#website","url":"https:\/\/vesturiskiaktivs.lv\/en\/","name":"V\u0113sturiski akt\u012bvs","description":"Piedz\u012bvojums ik katram","publisher":{"@id":"https:\/\/vesturiskiaktivs.lv\/en\/#organization"},"potentialAction":[{"@type":"SearchAction","target":{"@type":"EntryPoint","urlTemplate":"https:\/\/vesturiskiaktivs.lv\/en\/?s={search_term_string}"},"query-input":{"@type":"PropertyValueSpecification","valueRequired":true,"valueName":"search_term_string"}}],"inLanguage":"en-US"},{"@type":"Organization","@id":"https:\/\/vesturiskiaktivs.lv\/en\/#organization","name":"V\u0113sturiski akt\u012bvs","url":"https:\/\/vesturiskiaktivs.lv\/en\/","logo":{"@type":"ImageObject","inLanguage":"en-US","@id":"https:\/\/vesturiskiaktivs.lv\/en\/#\/schema\/logo\/image\/","url":"https:\/\/vesturiskiaktivs.lv\/wp-content\/uploads\/2024\/12\/cropped-vest.png","contentUrl":"https:\/\/vesturiskiaktivs.lv\/wp-content\/uploads\/2024\/12\/cropped-vest.png","width":195,"height":75,"caption":"V\u0113sturiski akt\u012bvs"},"image":{"@id":"https:\/\/vesturiskiaktivs.lv\/en\/#\/schema\/logo\/image\/"},"sameAs":["https:\/\/www.facebook.com\/vesturiskiaktivs","https:\/\/www.instagram.com\/vesturiskiaktivs\/","https:\/\/www.youtube.com\/channel\/UCjnwl9_afUvVSCsrMLrz6jQ\/videos"]}]}},"_links":{"self":[{"href":"https:\/\/vesturiskiaktivs.lv\/en\/wp-json\/wp\/v2\/pages\/1126","targetHints":{"allow":["GET"]}}],"collection":[{"href":"https:\/\/vesturiskiaktivs.lv\/en\/wp-json\/wp\/v2\/pages"}],"about":[{"href":"https:\/\/vesturiskiaktivs.lv\/en\/wp-json\/wp\/v2\/types\/page"}],"author":[{"embeddable":true,"href":"https:\/\/vesturiskiaktivs.lv\/en\/wp-json\/wp\/v2\/users\/1"}],"replies":[{"embeddable":true,"href":"https:\/\/vesturiskiaktivs.lv\/en\/wp-json\/wp\/v2\/comments?post=1126"}],"version-history":[{"count":4,"href":"https:\/\/vesturiskiaktivs.lv\/en\/wp-json\/wp\/v2\/pages\/1126\/revisions"}],"predecessor-version":[{"id":1600,"href":"https:\/\/vesturiskiaktivs.lv\/en\/wp-json\/wp\/v2\/pages\/1126\/revisions\/1600"}],"wp:attachment":[{"href":"https:\/\/vesturiskiaktivs.lv\/en\/wp-json\/wp\/v2\/media?parent=1126"}],"wp:term":[{"taxonomy":"category","embeddable":true,"href":"https:\/\/vesturiskiaktivs.lv\/en\/wp-json\/wp\/v2\/categories?post=1126"}],"curies":[{"name":"wp","href":"https:\/\/api.w.org\/{rel}","templated":true}]}}