{"id":1128,"date":"2024-12-23T10:36:24","date_gmt":"2024-12-23T08:36:24","guid":{"rendered":"https:\/\/vesturiskiaktivs.lv\/home\/"},"modified":"2025-06-06T10:30:07","modified_gmt":"2025-06-06T07:30:07","slug":"home","status":"publish","type":"page","link":"https:\/\/vesturiskiaktivs.lv\/en\/","title":{"rendered":"Home"},"content":{"rendered":"\t\t<div data-elementor-type=\"wp-page\" data-elementor-id=\"1128\" class=\"elementor elementor-1128 elementor-90\" data-elementor-post-type=\"page\">\n\t\t\t\t\t\t<section class=\"elementor-section elementor-top-section elementor-element elementor-element-10d2cc60 elementor-section-height-full elementor-section-full_width elementor-section-height-default elementor-section-items-middle\" data-id=\"10d2cc60\" data-element_type=\"section\" data-e-type=\"section\" data-settings=\"{&quot;mdp_selection_sticky_effect_enable&quot;:false}\">\n\t\t\t\t\t\t<div class=\"elementor-container elementor-column-gap-default\">\n\t\t\t\t\t<div class=\"elementor-column elementor-col-100 elementor-top-column elementor-element elementor-element-741faabc\" data-id=\"741faabc\" data-element_type=\"column\" data-e-type=\"column\" data-settings=\"{&quot;mdp_selection_sticky_column_effect_enable&quot;:false}\">\n\t\t\t<div class=\"elementor-widget-wrap elementor-element-populated\">\n\t\t\t\t\t\t<div class=\"elementor-element elementor-element-57e4f02a elementor-widget elementor-widget-heading\" data-id=\"57e4f02a\" data-element_type=\"widget\" data-e-type=\"widget\" data-widget_type=\"heading.default\">\n\t\t\t\t<div class=\"elementor-widget-container\">\n\t\t\t\t\t<h1 class=\"elementor-heading-title elementor-size-default\">HISTORICAL<\/h1>\t\t\t\t<\/div>\n\t\t\t\t<\/div>\n\t\t\t\t<div class=\"elementor-element elementor-element-21290548 elementor-widget elementor-widget-heading\" data-id=\"21290548\" data-element_type=\"widget\" data-e-type=\"widget\" data-widget_type=\"heading.default\">\n\t\t\t\t<div class=\"elementor-widget-container\">\n\t\t\t\t\t<span class=\"elementor-heading-title elementor-size-default\">ACTIVE<\/span>\t\t\t\t<\/div>\n\t\t\t\t<\/div>\n\t\t\t\t<div class=\"elementor-element elementor-element-cebc94a elementor-widget elementor-widget-image\" data-id=\"cebc94a\" data-element_type=\"widget\" data-e-type=\"widget\" data-widget_type=\"image.default\">\n\t\t\t\t<div class=\"elementor-widget-container\">\n\t\t\t\t\t\t\t\t\t\t\t\t\t\t\t<img fetchpriority=\"high\" decoding=\"async\" width=\"1632\" height=\"918\" src=\"https:\/\/vesturiskiaktivs.lv\/wp-content\/uploads\/2025\/01\/WP_20180107_097-2.jpg\" class=\"attachment-full size-full wp-image-1065\" alt=\"\" srcset=\"https:\/\/vesturiskiaktivs.lv\/wp-content\/uploads\/2025\/01\/WP_20180107_097-2.jpg 1632w, https:\/\/vesturiskiaktivs.lv\/wp-content\/uploads\/2025\/01\/WP_20180107_097-2-300x169.jpg 300w, https:\/\/vesturiskiaktivs.lv\/wp-content\/uploads\/2025\/01\/WP_20180107_097-2-1024x576.jpg 1024w, https:\/\/vesturiskiaktivs.lv\/wp-content\/uploads\/2025\/01\/WP_20180107_097-2-768x432.jpg 768w, https:\/\/vesturiskiaktivs.lv\/wp-content\/uploads\/2025\/01\/WP_20180107_097-2-1536x864.jpg 1536w\" sizes=\"(max-width: 1632px) 100vw, 1632px\" \/>\t\t\t\t\t\t\t\t\t\t\t\t\t\t\t<\/div>\n\t\t\t\t<\/div>\n\t\t\t\t\t<\/div>\n\t\t<\/div>\n\t\t\t\t\t<\/div>\n\t\t<\/section>\n\t\t\t\t<section class=\"elementor-section elementor-top-section elementor-element elementor-element-5a114a6d elementor-section-full_width elementor-section-height-default elementor-section-height-default\" data-id=\"5a114a6d\" data-element_type=\"section\" data-e-type=\"section\" data-settings=\"{&quot;mdp_selection_sticky_effect_enable&quot;:false}\">\n\t\t\t\t\t\t<div class=\"elementor-container elementor-column-gap-no\">\n\t\t\t\t\t<div class=\"elementor-column elementor-col-100 elementor-top-column elementor-element elementor-element-786f915f\" data-id=\"786f915f\" data-element_type=\"column\" data-e-type=\"column\" data-settings=\"{&quot;mdp_selection_sticky_column_effect_enable&quot;:false}\">\n\t\t\t<div class=\"elementor-widget-wrap elementor-element-populated\">\n\t\t\t\t\t\t<div class=\"elementor-element elementor-element-264f60a0 elementor-widget-divider--view-line elementor-widget elementor-widget-divider\" data-id=\"264f60a0\" data-element_type=\"widget\" data-e-type=\"widget\" data-widget_type=\"divider.default\">\n\t\t\t\t<div class=\"elementor-widget-container\">\n\t\t\t\t\t\t\t<div class=\"elementor-divider\">\n\t\t\t<span class=\"elementor-divider-separator\">\n\t\t\t\t\t\t<\/span>\n\t\t<\/div>\n\t\t\t\t\t\t<\/div>\n\t\t\t\t<\/div>\n\t\t\t\t\t<\/div>\n\t\t<\/div>\n\t\t\t\t\t<\/div>\n\t\t<\/section>\n\t\t\t\t<section class=\"elementor-section elementor-top-section elementor-element elementor-element-d334db3 elementor-section-full_width elementor-section-height-default elementor-section-height-default\" data-id=\"d334db3\" data-element_type=\"section\" data-e-type=\"section\" data-settings=\"{&quot;mdp_selection_sticky_effect_enable&quot;:false}\">\n\t\t\t\t\t\t<div class=\"elementor-container elementor-column-gap-default\">\n\t\t\t\t\t<div class=\"elementor-column elementor-col-100 elementor-top-column elementor-element elementor-element-73ba6b9c\" data-id=\"73ba6b9c\" data-element_type=\"column\" data-e-type=\"column\" data-settings=\"{&quot;mdp_selection_sticky_column_effect_enable&quot;:false}\">\n\t\t\t<div class=\"elementor-widget-wrap elementor-element-populated\">\n\t\t\t\t\t\t<section class=\"elementor-section elementor-inner-section elementor-element elementor-element-1256bc8c elementor-section-boxed elementor-section-height-default elementor-section-height-default\" data-id=\"1256bc8c\" data-element_type=\"section\" data-e-type=\"section\" data-settings=\"{&quot;mdp_selection_sticky_effect_enable&quot;:false}\">\n\t\t\t\t\t\t<div class=\"elementor-container elementor-column-gap-default\">\n\t\t\t\t\t<div class=\"elementor-column elementor-col-100 elementor-inner-column elementor-element elementor-element-253cde38\" data-id=\"253cde38\" data-element_type=\"column\" data-e-type=\"column\" data-settings=\"{&quot;mdp_selection_sticky_column_effect_enable&quot;:false}\">\n\t\t\t<div class=\"elementor-widget-wrap elementor-element-populated\">\n\t\t\t\t\t\t<div class=\"elementor-element elementor-element-7986a4fb elementor-widget elementor-widget-heading\" data-id=\"7986a4fb\" data-element_type=\"widget\" data-e-type=\"widget\" data-widget_type=\"heading.default\">\n\t\t\t\t<div class=\"elementor-widget-container\">\n\t\t\t\t\t<h2 class=\"elementor-heading-title elementor-size-default\">Range of adventures<\/h2>\t\t\t\t<\/div>\n\t\t\t\t<\/div>\n\t\t\t\t\t<\/div>\n\t\t<\/div>\n\t\t\t\t\t<\/div>\n\t\t<\/section>\n\t\t\t\t<div class=\"elementor-element elementor-element-94f22b6 ekit-image-accordion-hover elementor-widget-mobile__width-inherit ekit-image-accordion-horizontal elementor-widget elementor-widget-elementskit-image-accordion\" data-id=\"94f22b6\" data-element_type=\"widget\" data-e-type=\"widget\" data-widget_type=\"elementskit-image-accordion.default\">\n\t\t\t\t<div class=\"elementor-widget-container\">\n\t\t\t\t\t<div class=\"ekit-wid-con\" >\t\t<div class=\"ekit-image-accordion elementskit-image-accordion-wraper\">\n\t\t\t                <input type=\"radio\" name=\"ekit_ia_94f22b6\" id=\"ekit_ia_94f22b6_0\" class=\"elementskit-single-image-accordion--input\" hidden>\n                <label for=\"ekit_ia_94f22b6_0\" class=\"elementskit-single-image-accordion ekit-image-accordion-item\" style=\"background-image: url(https:\/\/vesturiskiaktivs.lv\/wp-content\/uploads\/2025\/01\/IMG_6982-1-1024x1024-1-1.jpg)\">\n                    <span class=\"elementskit-accordion-content\">\n\t\t\t\t\t\t\t\t\t\t\t\t\t<span class=\"elementskit-accordion-title-wraper\">\n\t\t\t\t\t\t\t\t<span class=\"elementskit-accordion-title \">\n\t\t\t\t\t\t\t\t\n\t\t\t\t\t\t\t\tThrough the pages of the Indric Chronicle\n\t\t\t\t\t\t\t\t\t\t\t\t\t\t\t\t<\/span>\n\t\t\t\t\t\t\t<\/span>\n\t\t\t\t\t\t\t\t\t\t\t\t\t\t<span class=\"elementskit-btn-wraper\">\n\t\t\t\t\t\t\t\t<a class=\"ekit-image-accordion--btn elementskit-btn whitespace--normal\" href=\"\/en\/vesturisks-detektivs-indrika-hronikas-karaceli\/\">\n\t\t\t\t\t\t\t\t\tRead more\t\t\t\t\t\t\t\t<\/a>\n\t\t\t\t\t\t\t<\/span>\n\t\t\t\t\t\t                    <\/span>\n                <\/label>\n                            <input type=\"radio\" name=\"ekit_ia_94f22b6\" id=\"ekit_ia_94f22b6_1\" class=\"elementskit-single-image-accordion--input\" hidden>\n                <label for=\"ekit_ia_94f22b6_1\" class=\"elementskit-single-image-accordion ekit-image-accordion-item\" style=\"background-image: url(https:\/\/vesturiskiaktivs.lv\/wp-content\/uploads\/2025\/01\/IMG_7908-1024x1024-1.jpg)\">\n                    <span class=\"elementskit-accordion-content\">\n\t\t\t\t\t\t\t\t\t\t\t\t\t<span class=\"elementskit-accordion-title-wraper\">\n\t\t\t\t\t\t\t\t<span class=\"elementskit-accordion-title \">\n\t\t\t\t\t\t\t\t\n\t\t\t\t\t\t\t\tGreen Class Latvian Stories\n\t\t\t\t\t\t\t\t\t\t\t\t\t\t\t\t<\/span>\n\t\t\t\t\t\t\t<\/span>\n\t\t\t\t\t\t\t\t\t\t\t\t\t\t<span class=\"elementskit-btn-wraper\">\n\t\t\t\t\t\t\t\t<a class=\"ekit-image-accordion--btn elementskit-btn whitespace--normal\" href=\"\/en\/the-green-classroom\/\">\n\t\t\t\t\t\t\t\t\tRead more\t\t\t\t\t\t\t\t<\/a>\n\t\t\t\t\t\t\t<\/span>\n\t\t\t\t\t\t                    <\/span>\n                <\/label>\n                            <input type=\"radio\" name=\"ekit_ia_94f22b6\" id=\"ekit_ia_94f22b6_2\" class=\"elementskit-single-image-accordion--input\" hidden>\n                <label for=\"ekit_ia_94f22b6_2\" class=\"elementskit-single-image-accordion ekit-image-accordion-item\" style=\"background-image: url(https:\/\/vesturiskiaktivs.lv\/wp-content\/uploads\/2025\/01\/IMG_7014-1024x1024-1.jpg)\">\n                    <span class=\"elementskit-accordion-content\">\n\t\t\t\t\t\t\t\t\t\t\t\t\t<span class=\"elementskit-accordion-title-wraper\">\n\t\t\t\t\t\t\t\t<span class=\"elementskit-accordion-title \">\n\t\t\t\t\t\t\t\t\n\t\t\t\t\t\t\t\tHiking along the Sve\u0137 River and the Lenc River\n\t\t\t\t\t\t\t\t\t\t\t\t\t\t\t\t<\/span>\n\t\t\t\t\t\t\t<\/span>\n\t\t\t\t\t\t\t\t\t\t\t\t\t\t<span class=\"elementskit-btn-wraper\">\n\t\t\t\t\t\t\t\t<a class=\"ekit-image-accordion--btn elementskit-btn whitespace--normal\" href=\"\/en\/hike-along-the-svekupite-and-lencupe-rivers\/\">\n\t\t\t\t\t\t\t\t\tRead more\t\t\t\t\t\t\t\t<\/a>\n\t\t\t\t\t\t\t<\/span>\n\t\t\t\t\t\t                    <\/span>\n                <\/label>\n                            <input type=\"radio\" name=\"ekit_ia_94f22b6\" id=\"ekit_ia_94f22b6_3\" class=\"elementskit-single-image-accordion--input\" hidden>\n                <label for=\"ekit_ia_94f22b6_3\" class=\"elementskit-single-image-accordion ekit-image-accordion-item\" style=\"background-image: url(https:\/\/vesturiskiaktivs.lv\/wp-content\/uploads\/2025\/01\/raiskums_pargajiens_087-1024x1024-1.jpg)\">\n                    <span class=\"elementskit-accordion-content\">\n\t\t\t\t\t\t\t\t\t\t\t\t\t<span class=\"elementskit-accordion-title-wraper\">\n\t\t\t\t\t\t\t\t<span class=\"elementskit-accordion-title \">\n\t\t\t\t\t\t\t\t\n\t\t\t\t\t\t\t\tSchool excursion: in the footsteps of the warlord Rusty\n\t\t\t\t\t\t\t\t\t\t\t\t\t\t\t\t<\/span>\n\t\t\t\t\t\t\t<\/span>\n\t\t\t\t\t\t\t\t\t\t\t\t\t\t<span class=\"elementskit-btn-wraper\">\n\t\t\t\t\t\t\t\t<a class=\"ekit-image-accordion--btn elementskit-btn whitespace--normal\" href=\"\/en\/school-excursion-in-the-footsteps-of-the-warlord-rusty\/\">\n\t\t\t\t\t\t\t\t\tRead more\t\t\t\t\t\t\t\t<\/a>\n\t\t\t\t\t\t\t<\/span>\n\t\t\t\t\t\t                    <\/span>\n                <\/label>\n                    <\/div>\n    <\/div>\t\t\t\t<\/div>\n\t\t\t\t<\/div>\n\t\t\t\t\t<\/div>\n\t\t<\/div>\n\t\t\t\t\t<\/div>\n\t\t<\/section>\n\t\t\t\t<\/div>\n\t\t","protected":false},"excerpt":{"rendered":"<p>HISTORICAL ACTIVE Range of adventures Through the pages of the Indric Chronicle Read more Green Class Latvian Stories Read more Hiking along the Sve\u0137 River and the Lenc River Read more School excursion: in the footsteps of the warlord Rusty Read more<\/p>\n","protected":false},"author":1,"featured_media":0,"parent":0,"menu_order":0,"comment_status":"closed","ping_status":"closed","template":"elementor_header_footer","meta":{"footnotes":""},"categories":[],"class_list":["post-1128","page","type-page","status-publish","hentry"],"yoast_head":"<!-- This site is optimized with the Yoast SEO plugin v27.4 - https:\/\/yoast.com\/product\/yoast-seo-wordpress\/ -->\n<title>Home - V\u0113sturiski akt\u012bvs<\/title>\n<meta name=\"description\" content=\"V\u0113sturiski akt\u012bvs\" \/>\n<meta name=\"robots\" content=\"index, follow, max-snippet:-1, max-image-preview:large, max-video-preview:-1\" \/>\n<link rel=\"canonical\" href=\"https:\/\/vesturiskiaktivs.lv\/en\/\" \/>\n<meta property=\"og:locale\" content=\"en_US\" \/>\n<meta property=\"og:type\" content=\"article\" \/>\n<meta property=\"og:title\" content=\"Home - V\u0113sturiski akt\u012bvs\" \/>\n<meta property=\"og:description\" content=\"V\u0113sturiski akt\u012bvs\" \/>\n<meta property=\"og:url\" content=\"https:\/\/vesturiskiaktivs.lv\/en\/\" \/>\n<meta property=\"og:site_name\" content=\"V\u0113sturiski akt\u012bvs\" \/>\n<meta property=\"article:publisher\" content=\"https:\/\/www.facebook.com\/vesturiskiaktivs\" \/>\n<meta property=\"article:modified_time\" content=\"2025-06-06T07:30:07+00:00\" \/>\n<meta property=\"og:image\" content=\"https:\/\/vesturiskiaktivs.lv\/wp-content\/uploads\/2025\/01\/WP_20180107_097-2.jpg\" \/>\n\t<meta property=\"og:image:width\" content=\"1632\" \/>\n\t<meta property=\"og:image:height\" content=\"918\" \/>\n\t<meta property=\"og:image:type\" content=\"image\/jpeg\" \/>\n<meta name=\"twitter:card\" content=\"summary_large_image\" \/>\n<meta name=\"twitter:label1\" content=\"Est. reading time\" \/>\n\t<meta name=\"twitter:data1\" content=\"1 minute\" \/>\n<script type=\"application\/ld+json\" class=\"yoast-schema-graph\">{\"@context\":\"https:\\\/\\\/schema.org\",\"@graph\":[{\"@type\":\"WebPage\",\"@id\":\"https:\\\/\\\/vesturiskiaktivs.lv\\\/en\\\/\",\"url\":\"https:\\\/\\\/vesturiskiaktivs.lv\\\/en\\\/\",\"name\":\"Home - V\u0113sturiski akt\u012bvs\",\"isPartOf\":{\"@id\":\"https:\\\/\\\/vesturiskiaktivs.lv\\\/en\\\/#website\"},\"primaryImageOfPage\":{\"@id\":\"https:\\\/\\\/vesturiskiaktivs.lv\\\/en\\\/#primaryimage\"},\"image\":{\"@id\":\"https:\\\/\\\/vesturiskiaktivs.lv\\\/en\\\/#primaryimage\"},\"thumbnailUrl\":\"https:\\\/\\\/vesturiskiaktivs.lv\\\/wp-content\\\/uploads\\\/2025\\\/01\\\/WP_20180107_097-2.jpg\",\"datePublished\":\"2024-12-23T08:36:24+00:00\",\"dateModified\":\"2025-06-06T07:30:07+00:00\",\"description\":\"V\u0113sturiski akt\u012bvs\",\"breadcrumb\":{\"@id\":\"https:\\\/\\\/vesturiskiaktivs.lv\\\/en\\\/#breadcrumb\"},\"inLanguage\":\"en-US\",\"potentialAction\":[{\"@type\":\"ReadAction\",\"target\":[\"https:\\\/\\\/vesturiskiaktivs.lv\\\/en\\\/\"]}]},{\"@type\":\"ImageObject\",\"inLanguage\":\"en-US\",\"@id\":\"https:\\\/\\\/vesturiskiaktivs.lv\\\/en\\\/#primaryimage\",\"url\":\"https:\\\/\\\/vesturiskiaktivs.lv\\\/wp-content\\\/uploads\\\/2025\\\/01\\\/WP_20180107_097-2.jpg\",\"contentUrl\":\"https:\\\/\\\/vesturiskiaktivs.lv\\\/wp-content\\\/uploads\\\/2025\\\/01\\\/WP_20180107_097-2.jpg\"},{\"@type\":\"BreadcrumbList\",\"@id\":\"https:\\\/\\\/vesturiskiaktivs.lv\\\/en\\\/#breadcrumb\",\"itemListElement\":[{\"@type\":\"ListItem\",\"position\":1,\"name\":\"Home\",\"item\":\"https:\\\/\\\/vesturiskiaktivs.lv\\\/en\\\/\"},{\"@type\":\"ListItem\",\"position\":2,\"name\":\"Home\"}]},{\"@type\":\"WebSite\",\"@id\":\"https:\\\/\\\/vesturiskiaktivs.lv\\\/en\\\/#website\",\"url\":\"https:\\\/\\\/vesturiskiaktivs.lv\\\/en\\\/\",\"name\":\"V\u0113sturiski akt\u012bvs\",\"description\":\"Piedz\u012bvojums ik katram\",\"publisher\":{\"@id\":\"https:\\\/\\\/vesturiskiaktivs.lv\\\/en\\\/#organization\"},\"potentialAction\":[{\"@type\":\"SearchAction\",\"target\":{\"@type\":\"EntryPoint\",\"urlTemplate\":\"https:\\\/\\\/vesturiskiaktivs.lv\\\/en\\\/?s={search_term_string}\"},\"query-input\":{\"@type\":\"PropertyValueSpecification\",\"valueRequired\":true,\"valueName\":\"search_term_string\"}}],\"inLanguage\":\"en-US\"},{\"@type\":\"Organization\",\"@id\":\"https:\\\/\\\/vesturiskiaktivs.lv\\\/en\\\/#organization\",\"name\":\"V\u0113sturiski akt\u012bvs\",\"url\":\"https:\\\/\\\/vesturiskiaktivs.lv\\\/en\\\/\",\"logo\":{\"@type\":\"ImageObject\",\"inLanguage\":\"en-US\",\"@id\":\"https:\\\/\\\/vesturiskiaktivs.lv\\\/en\\\/#\\\/schema\\\/logo\\\/image\\\/\",\"url\":\"https:\\\/\\\/vesturiskiaktivs.lv\\\/wp-content\\\/uploads\\\/2024\\\/12\\\/cropped-vest.png\",\"contentUrl\":\"https:\\\/\\\/vesturiskiaktivs.lv\\\/wp-content\\\/uploads\\\/2024\\\/12\\\/cropped-vest.png\",\"width\":195,\"height\":75,\"caption\":\"V\u0113sturiski akt\u012bvs\"},\"image\":{\"@id\":\"https:\\\/\\\/vesturiskiaktivs.lv\\\/en\\\/#\\\/schema\\\/logo\\\/image\\\/\"},\"sameAs\":[\"https:\\\/\\\/www.facebook.com\\\/vesturiskiaktivs\",\"https:\\\/\\\/www.instagram.com\\\/vesturiskiaktivs\\\/\",\"https:\\\/\\\/www.youtube.com\\\/channel\\\/UCjnwl9_afUvVSCsrMLrz6jQ\\\/videos\"]}]}<\/script>\n<!-- \/ Yoast SEO plugin. -->","yoast_head_json":{"title":"Home - V\u0113sturiski akt\u012bvs","description":"V\u0113sturiski akt\u012bvs","robots":{"index":"index","follow":"follow","max-snippet":"max-snippet:-1","max-image-preview":"max-image-preview:large","max-video-preview":"max-video-preview:-1"},"canonical":"https:\/\/vesturiskiaktivs.lv\/en\/","og_locale":"en_US","og_type":"article","og_title":"Home - V\u0113sturiski akt\u012bvs","og_description":"V\u0113sturiski akt\u012bvs","og_url":"https:\/\/vesturiskiaktivs.lv\/en\/","og_site_name":"V\u0113sturiski akt\u012bvs","article_publisher":"https:\/\/www.facebook.com\/vesturiskiaktivs","article_modified_time":"2025-06-06T07:30:07+00:00","og_image":[{"width":1632,"height":918,"url":"https:\/\/vesturiskiaktivs.lv\/wp-content\/uploads\/2025\/01\/WP_20180107_097-2.jpg","type":"image\/jpeg"}],"twitter_card":"summary_large_image","twitter_misc":{"Est. reading time":"1 minute"},"schema":{"@context":"https:\/\/schema.org","@graph":[{"@type":"WebPage","@id":"https:\/\/vesturiskiaktivs.lv\/en\/","url":"https:\/\/vesturiskiaktivs.lv\/en\/","name":"Home - V\u0113sturiski akt\u012bvs","isPartOf":{"@id":"https:\/\/vesturiskiaktivs.lv\/en\/#website"},"primaryImageOfPage":{"@id":"https:\/\/vesturiskiaktivs.lv\/en\/#primaryimage"},"image":{"@id":"https:\/\/vesturiskiaktivs.lv\/en\/#primaryimage"},"thumbnailUrl":"https:\/\/vesturiskiaktivs.lv\/wp-content\/uploads\/2025\/01\/WP_20180107_097-2.jpg","datePublished":"2024-12-23T08:36:24+00:00","dateModified":"2025-06-06T07:30:07+00:00","description":"V\u0113sturiski akt\u012bvs","breadcrumb":{"@id":"https:\/\/vesturiskiaktivs.lv\/en\/#breadcrumb"},"inLanguage":"en-US","potentialAction":[{"@type":"ReadAction","target":["https:\/\/vesturiskiaktivs.lv\/en\/"]}]},{"@type":"ImageObject","inLanguage":"en-US","@id":"https:\/\/vesturiskiaktivs.lv\/en\/#primaryimage","url":"https:\/\/vesturiskiaktivs.lv\/wp-content\/uploads\/2025\/01\/WP_20180107_097-2.jpg","contentUrl":"https:\/\/vesturiskiaktivs.lv\/wp-content\/uploads\/2025\/01\/WP_20180107_097-2.jpg"},{"@type":"BreadcrumbList","@id":"https:\/\/vesturiskiaktivs.lv\/en\/#breadcrumb","itemListElement":[{"@type":"ListItem","position":1,"name":"Home","item":"https:\/\/vesturiskiaktivs.lv\/en\/"},{"@type":"ListItem","position":2,"name":"Home"}]},{"@type":"WebSite","@id":"https:\/\/vesturiskiaktivs.lv\/en\/#website","url":"https:\/\/vesturiskiaktivs.lv\/en\/","name":"V\u0113sturiski akt\u012bvs","description":"Piedz\u012bvojums ik katram","publisher":{"@id":"https:\/\/vesturiskiaktivs.lv\/en\/#organization"},"potentialAction":[{"@type":"SearchAction","target":{"@type":"EntryPoint","urlTemplate":"https:\/\/vesturiskiaktivs.lv\/en\/?s={search_term_string}"},"query-input":{"@type":"PropertyValueSpecification","valueRequired":true,"valueName":"search_term_string"}}],"inLanguage":"en-US"},{"@type":"Organization","@id":"https:\/\/vesturiskiaktivs.lv\/en\/#organization","name":"V\u0113sturiski akt\u012bvs","url":"https:\/\/vesturiskiaktivs.lv\/en\/","logo":{"@type":"ImageObject","inLanguage":"en-US","@id":"https:\/\/vesturiskiaktivs.lv\/en\/#\/schema\/logo\/image\/","url":"https:\/\/vesturiskiaktivs.lv\/wp-content\/uploads\/2024\/12\/cropped-vest.png","contentUrl":"https:\/\/vesturiskiaktivs.lv\/wp-content\/uploads\/2024\/12\/cropped-vest.png","width":195,"height":75,"caption":"V\u0113sturiski akt\u012bvs"},"image":{"@id":"https:\/\/vesturiskiaktivs.lv\/en\/#\/schema\/logo\/image\/"},"sameAs":["https:\/\/www.facebook.com\/vesturiskiaktivs","https:\/\/www.instagram.com\/vesturiskiaktivs\/","https:\/\/www.youtube.com\/channel\/UCjnwl9_afUvVSCsrMLrz6jQ\/videos"]}]}},"_links":{"self":[{"href":"https:\/\/vesturiskiaktivs.lv\/en\/wp-json\/wp\/v2\/pages\/1128","targetHints":{"allow":["GET"]}}],"collection":[{"href":"https:\/\/vesturiskiaktivs.lv\/en\/wp-json\/wp\/v2\/pages"}],"about":[{"href":"https:\/\/vesturiskiaktivs.lv\/en\/wp-json\/wp\/v2\/types\/page"}],"author":[{"embeddable":true,"href":"https:\/\/vesturiskiaktivs.lv\/en\/wp-json\/wp\/v2\/users\/1"}],"replies":[{"embeddable":true,"href":"https:\/\/vesturiskiaktivs.lv\/en\/wp-json\/wp\/v2\/comments?post=1128"}],"version-history":[{"count":16,"href":"https:\/\/vesturiskiaktivs.lv\/en\/wp-json\/wp\/v2\/pages\/1128\/revisions"}],"predecessor-version":[{"id":1716,"href":"https:\/\/vesturiskiaktivs.lv\/en\/wp-json\/wp\/v2\/pages\/1128\/revisions\/1716"}],"wp:attachment":[{"href":"https:\/\/vesturiskiaktivs.lv\/en\/wp-json\/wp\/v2\/media?parent=1128"}],"wp:term":[{"taxonomy":"category","embeddable":true,"href":"https:\/\/vesturiskiaktivs.lv\/en\/wp-json\/wp\/v2\/categories?post=1128"}],"curies":[{"name":"wp","href":"https:\/\/api.w.org\/{rel}","templated":true}]}}