{"id":1137,"date":"2025-01-09T17:00:33","date_gmt":"2025-01-09T15:00:33","guid":{"rendered":"https:\/\/vesturiskiaktivs.lv\/student-excursions\/"},"modified":"2025-05-08T14:50:07","modified_gmt":"2025-05-08T11:50:07","slug":"student-excursions","status":"publish","type":"page","link":"https:\/\/vesturiskiaktivs.lv\/en\/student-excursions\/","title":{"rendered":"Student excursions"},"content":{"rendered":"\t\t<div data-elementor-type=\"wp-page\" data-elementor-id=\"1137\" class=\"elementor elementor-1137 elementor-133\" data-elementor-post-type=\"page\">\n\t\t\t\t\t\t<section class=\"elementor-section elementor-top-section elementor-element elementor-element-61edacd elementor-section-full_width elementor-section-height-min-height elementor-section-height-default elementor-section-items-middle\" data-id=\"61edacd\" data-element_type=\"section\" data-e-type=\"section\" data-settings=\"{&quot;mdp_selection_sticky_effect_enable&quot;:false}\">\n\t\t\t\t\t\t<div class=\"elementor-container elementor-column-gap-default\">\n\t\t\t\t\t<div class=\"elementor-column elementor-col-100 elementor-top-column elementor-element elementor-element-3e5ff4f\" data-id=\"3e5ff4f\" data-element_type=\"column\" data-e-type=\"column\" data-settings=\"{&quot;background_background&quot;:&quot;classic&quot;,&quot;mdp_selection_sticky_column_effect_enable&quot;:false}\">\n\t\t\t<div class=\"elementor-widget-wrap elementor-element-populated\">\n\t\t\t\t\t<div class=\"elementor-background-overlay\"><\/div>\n\t\t\t\t\t\t<div class=\"elementor-element elementor-element-872a9db elementor-widget elementor-widget-heading\" data-id=\"872a9db\" data-element_type=\"widget\" data-e-type=\"widget\" data-widget_type=\"heading.default\">\n\t\t\t\t<div class=\"elementor-widget-container\">\n\t\t\t\t\t<h2 class=\"elementor-heading-title elementor-size-default\">Student excursions<\/h2>\t\t\t\t<\/div>\n\t\t\t\t<\/div>\n\t\t\t\t\t<\/div>\n\t\t<\/div>\n\t\t\t\t\t<\/div>\n\t\t<\/section>\n\t\t\t\t<section class=\"elementor-section elementor-top-section elementor-element elementor-element-7ef4454 elementor-section-boxed elementor-section-height-default elementor-section-height-default\" data-id=\"7ef4454\" data-element_type=\"section\" data-e-type=\"section\" data-settings=\"{&quot;mdp_selection_sticky_effect_enable&quot;:false}\">\n\t\t\t\t\t\t<div class=\"elementor-container elementor-column-gap-default\">\n\t\t\t\t\t<div class=\"elementor-column elementor-col-100 elementor-top-column elementor-element elementor-element-045b6cd\" data-id=\"045b6cd\" data-element_type=\"column\" data-e-type=\"column\" data-settings=\"{&quot;mdp_selection_sticky_column_effect_enable&quot;:false}\">\n\t\t\t<div class=\"elementor-widget-wrap elementor-element-populated\">\n\t\t\t\t\t\t<div class=\"elementor-element elementor-element-7ea3b40 elementor-widget elementor-widget-heading\" data-id=\"7ea3b40\" data-element_type=\"widget\" data-e-type=\"widget\" data-widget_type=\"heading.default\">\n\t\t\t\t<div class=\"elementor-widget-container\">\n\t\t\t\t\t<h2 class=\"elementor-heading-title elementor-size-default\">ADVISITIONS<\/h2>\t\t\t\t<\/div>\n\t\t\t\t<\/div>\n\t\t\t\t<section class=\"elementor-section elementor-inner-section elementor-element elementor-element-9ade888 elementor-section-boxed elementor-section-height-default elementor-section-height-default\" data-id=\"9ade888\" data-element_type=\"section\" data-e-type=\"section\" data-settings=\"{&quot;background_background&quot;:&quot;classic&quot;,&quot;mdp_selection_sticky_effect_enable&quot;:false}\">\n\t\t\t\t\t\t<div class=\"elementor-container elementor-column-gap-default\">\n\t\t\t\t\t<div class=\"elementor-column elementor-col-50 elementor-inner-column elementor-element elementor-element-fe9aad3\" data-id=\"fe9aad3\" data-element_type=\"column\" data-e-type=\"column\" data-settings=\"{&quot;mdp_selection_sticky_column_effect_enable&quot;:false}\">\n\t\t\t<div class=\"elementor-widget-wrap elementor-element-populated\">\n\t\t\t\t\t\t<div class=\"elementor-element elementor-element-4d9b885 elementor-widget elementor-widget-image\" data-id=\"4d9b885\" data-element_type=\"widget\" data-e-type=\"widget\" data-widget_type=\"image.default\">\n\t\t\t\t<div class=\"elementor-widget-container\">\n\t\t\t\t\t\t\t\t\t\t\t\t\t\t\t<img fetchpriority=\"high\" decoding=\"async\" width=\"1024\" height=\"1024\" src=\"https:\/\/vesturiskiaktivs.lv\/wp-content\/uploads\/2025\/01\/raiskums_pargajiens_059-1024x1024-1.jpg\" class=\"attachment-full size-full wp-image-1063\" alt=\"\" srcset=\"https:\/\/vesturiskiaktivs.lv\/wp-content\/uploads\/2025\/01\/raiskums_pargajiens_059-1024x1024-1.jpg 1024w, https:\/\/vesturiskiaktivs.lv\/wp-content\/uploads\/2025\/01\/raiskums_pargajiens_059-1024x1024-1-300x300.jpg 300w, https:\/\/vesturiskiaktivs.lv\/wp-content\/uploads\/2025\/01\/raiskums_pargajiens_059-1024x1024-1-150x150.jpg 150w, https:\/\/vesturiskiaktivs.lv\/wp-content\/uploads\/2025\/01\/raiskums_pargajiens_059-1024x1024-1-768x768.jpg 768w\" sizes=\"(max-width: 1024px) 100vw, 1024px\" \/>\t\t\t\t\t\t\t\t\t\t\t\t\t\t\t<\/div>\n\t\t\t\t<\/div>\n\t\t\t\t\t<\/div>\n\t\t<\/div>\n\t\t\t\t<div class=\"elementor-column elementor-col-50 elementor-inner-column elementor-element elementor-element-377d610\" data-id=\"377d610\" data-element_type=\"column\" data-e-type=\"column\" data-settings=\"{&quot;background_background&quot;:&quot;classic&quot;,&quot;mdp_selection_sticky_column_effect_enable&quot;:false}\">\n\t\t\t<div class=\"elementor-widget-wrap elementor-element-populated\">\n\t\t\t\t\t\t<div class=\"elementor-element elementor-element-c29fb37 elementor-widget elementor-widget-heading\" data-id=\"c29fb37\" data-element_type=\"widget\" data-e-type=\"widget\" data-widget_type=\"heading.default\">\n\t\t\t\t<div class=\"elementor-widget-container\">\n\t\t\t\t\t<h3 class=\"elementor-heading-title elementor-size-default\">schoolchildren's excursion in the footsteps of the warlord Rusyn<\/h3>\t\t\t\t<\/div>\n\t\t\t\t<\/div>\n\t\t\t\t<div class=\"elementor-element elementor-element-f42e0a0 elementor-widget elementor-widget-text-editor\" data-id=\"f42e0a0\" data-element_type=\"widget\" data-e-type=\"widget\" data-widget_type=\"text-editor.default\">\n\t\t\t\t<div class=\"elementor-widget-container\">\n\t\t\t\t\t\t\t\t\t<p>Considering that R\u016bsi\u0146\u0161 is mentioned first in the Indric Chronicle, followed by the other leaders, we believe that his historical significance has received undeservedly little attention so far. For this reason, we are raising this topic above all others and dedicating our research and educational work to this direction.<\/p>\n\t\t\t\t\t\t\t\t<\/div>\n\t\t\t\t<\/div>\n\t\t\t\t<div class=\"elementor-element elementor-element-bc40a31 elementor-widget elementor-widget-button\" data-id=\"bc40a31\" data-element_type=\"widget\" data-e-type=\"widget\" data-widget_type=\"button.default\">\n\t\t\t\t<div class=\"elementor-widget-container\">\n\t\t\t\t\t\t\t\t\t<div class=\"elementor-button-wrapper\">\n\t\t\t\t\t<a class=\"elementor-button elementor-button-link elementor-size-sm\" href=\"https:\/\/vesturiskiaktivs.lv\/en\/school-excursion-in-the-footsteps-of-the-warlord-rusty\/\">\n\t\t\t\t\t\t<span class=\"elementor-button-content-wrapper\">\n\t\t\t\t\t\t\t\t\t<span class=\"elementor-button-text\">Find out more<\/span>\n\t\t\t\t\t<\/span>\n\t\t\t\t\t<\/a>\n\t\t\t\t<\/div>\n\t\t\t\t\t\t\t\t<\/div>\n\t\t\t\t<\/div>\n\t\t\t\t\t<\/div>\n\t\t<\/div>\n\t\t\t\t\t<\/div>\n\t\t<\/section>\n\t\t\t\t\t<\/div>\n\t\t<\/div>\n\t\t\t\t\t<\/div>\n\t\t<\/section>\n\t\t\t\t<\/div>\n\t\t","protected":false},"excerpt":{"rendered":"<p>Student excursions ADVISITIONS schoolchildren&#8217;s excursion in the footsteps of the warlord Rusyn Considering that R\u016bsi\u0146\u0161 is mentioned first in the Indric Chronicle, followed by the other leaders, we believe that his historical significance has received undeservedly little attention so far. For this reason, we are raising this topic above all others and dedicating our research [&hellip;]<\/p>\n","protected":false},"author":1,"featured_media":0,"parent":0,"menu_order":0,"comment_status":"closed","ping_status":"closed","template":"","meta":{"footnotes":""},"categories":[28],"class_list":["post-1137","page","type-page","status-publish","hentry","category-range-of-adventures"],"yoast_head":"<!-- This site is optimized with the Yoast SEO plugin v27.4 - https:\/\/yoast.com\/product\/yoast-seo-wordpress\/ -->\n<title>Student excursions - V\u0113sturiski akt\u012bvs<\/title>\n<meta name=\"description\" content=\"STUDENT EXCURSIONS\" \/>\n<meta name=\"robots\" content=\"index, follow, max-snippet:-1, max-image-preview:large, max-video-preview:-1\" \/>\n<link rel=\"canonical\" href=\"https:\/\/vesturiskiaktivs.lv\/en\/student-excursions\/\" \/>\n<meta property=\"og:locale\" content=\"en_US\" \/>\n<meta property=\"og:type\" content=\"article\" \/>\n<meta property=\"og:title\" content=\"Student excursions - V\u0113sturiski akt\u012bvs\" \/>\n<meta property=\"og:description\" content=\"STUDENT EXCURSIONS\" \/>\n<meta property=\"og:url\" content=\"https:\/\/vesturiskiaktivs.lv\/en\/student-excursions\/\" \/>\n<meta property=\"og:site_name\" content=\"V\u0113sturiski akt\u012bvs\" \/>\n<meta property=\"article:publisher\" content=\"https:\/\/www.facebook.com\/vesturiskiaktivs\" \/>\n<meta property=\"article:modified_time\" content=\"2025-05-08T11:50:07+00:00\" \/>\n<meta property=\"og:image\" content=\"https:\/\/vesturiskiaktivs.lv\/wp-content\/uploads\/2025\/01\/raiskums_pargajiens_059-1024x1024-1.jpg\" \/>\n\t<meta property=\"og:image:width\" content=\"1024\" \/>\n\t<meta property=\"og:image:height\" content=\"1024\" \/>\n\t<meta property=\"og:image:type\" content=\"image\/jpeg\" \/>\n<meta name=\"twitter:card\" content=\"summary_large_image\" \/>\n<meta name=\"twitter:label1\" content=\"Est. reading time\" \/>\n\t<meta name=\"twitter:data1\" content=\"1 minute\" \/>\n<script type=\"application\/ld+json\" class=\"yoast-schema-graph\">{\"@context\":\"https:\\\/\\\/schema.org\",\"@graph\":[{\"@type\":\"WebPage\",\"@id\":\"https:\\\/\\\/vesturiskiaktivs.lv\\\/en\\\/student-excursions\\\/\",\"url\":\"https:\\\/\\\/vesturiskiaktivs.lv\\\/en\\\/student-excursions\\\/\",\"name\":\"Student excursions - V\u0113sturiski akt\u012bvs\",\"isPartOf\":{\"@id\":\"https:\\\/\\\/vesturiskiaktivs.lv\\\/en\\\/#website\"},\"primaryImageOfPage\":{\"@id\":\"https:\\\/\\\/vesturiskiaktivs.lv\\\/en\\\/student-excursions\\\/#primaryimage\"},\"image\":{\"@id\":\"https:\\\/\\\/vesturiskiaktivs.lv\\\/en\\\/student-excursions\\\/#primaryimage\"},\"thumbnailUrl\":\"https:\\\/\\\/vesturiskiaktivs.lv\\\/wp-content\\\/uploads\\\/2025\\\/01\\\/raiskums_pargajiens_059-1024x1024-1.jpg\",\"datePublished\":\"2025-01-09T15:00:33+00:00\",\"dateModified\":\"2025-05-08T11:50:07+00:00\",\"description\":\"STUDENT EXCURSIONS\",\"breadcrumb\":{\"@id\":\"https:\\\/\\\/vesturiskiaktivs.lv\\\/en\\\/student-excursions\\\/#breadcrumb\"},\"inLanguage\":\"en-US\",\"potentialAction\":[{\"@type\":\"ReadAction\",\"target\":[\"https:\\\/\\\/vesturiskiaktivs.lv\\\/en\\\/student-excursions\\\/\"]}]},{\"@type\":\"ImageObject\",\"inLanguage\":\"en-US\",\"@id\":\"https:\\\/\\\/vesturiskiaktivs.lv\\\/en\\\/student-excursions\\\/#primaryimage\",\"url\":\"https:\\\/\\\/vesturiskiaktivs.lv\\\/wp-content\\\/uploads\\\/2025\\\/01\\\/raiskums_pargajiens_059-1024x1024-1.jpg\",\"contentUrl\":\"https:\\\/\\\/vesturiskiaktivs.lv\\\/wp-content\\\/uploads\\\/2025\\\/01\\\/raiskums_pargajiens_059-1024x1024-1.jpg\"},{\"@type\":\"BreadcrumbList\",\"@id\":\"https:\\\/\\\/vesturiskiaktivs.lv\\\/en\\\/student-excursions\\\/#breadcrumb\",\"itemListElement\":[{\"@type\":\"ListItem\",\"position\":1,\"name\":\"Home\",\"item\":\"https:\\\/\\\/vesturiskiaktivs.lv\\\/en\\\/\"},{\"@type\":\"ListItem\",\"position\":2,\"name\":\"Student excursions\"}]},{\"@type\":\"WebSite\",\"@id\":\"https:\\\/\\\/vesturiskiaktivs.lv\\\/en\\\/#website\",\"url\":\"https:\\\/\\\/vesturiskiaktivs.lv\\\/en\\\/\",\"name\":\"V\u0113sturiski akt\u012bvs\",\"description\":\"Piedz\u012bvojums ik katram\",\"publisher\":{\"@id\":\"https:\\\/\\\/vesturiskiaktivs.lv\\\/en\\\/#organization\"},\"potentialAction\":[{\"@type\":\"SearchAction\",\"target\":{\"@type\":\"EntryPoint\",\"urlTemplate\":\"https:\\\/\\\/vesturiskiaktivs.lv\\\/en\\\/?s={search_term_string}\"},\"query-input\":{\"@type\":\"PropertyValueSpecification\",\"valueRequired\":true,\"valueName\":\"search_term_string\"}}],\"inLanguage\":\"en-US\"},{\"@type\":\"Organization\",\"@id\":\"https:\\\/\\\/vesturiskiaktivs.lv\\\/en\\\/#organization\",\"name\":\"V\u0113sturiski akt\u012bvs\",\"url\":\"https:\\\/\\\/vesturiskiaktivs.lv\\\/en\\\/\",\"logo\":{\"@type\":\"ImageObject\",\"inLanguage\":\"en-US\",\"@id\":\"https:\\\/\\\/vesturiskiaktivs.lv\\\/en\\\/#\\\/schema\\\/logo\\\/image\\\/\",\"url\":\"https:\\\/\\\/vesturiskiaktivs.lv\\\/wp-content\\\/uploads\\\/2024\\\/12\\\/cropped-vest.png\",\"contentUrl\":\"https:\\\/\\\/vesturiskiaktivs.lv\\\/wp-content\\\/uploads\\\/2024\\\/12\\\/cropped-vest.png\",\"width\":195,\"height\":75,\"caption\":\"V\u0113sturiski akt\u012bvs\"},\"image\":{\"@id\":\"https:\\\/\\\/vesturiskiaktivs.lv\\\/en\\\/#\\\/schema\\\/logo\\\/image\\\/\"},\"sameAs\":[\"https:\\\/\\\/www.facebook.com\\\/vesturiskiaktivs\",\"https:\\\/\\\/www.instagram.com\\\/vesturiskiaktivs\\\/\",\"https:\\\/\\\/www.youtube.com\\\/channel\\\/UCjnwl9_afUvVSCsrMLrz6jQ\\\/videos\"]}]}<\/script>\n<!-- \/ Yoast SEO plugin. -->","yoast_head_json":{"title":"Student excursions - V\u0113sturiski akt\u012bvs","description":"STUDENT EXCURSIONS","robots":{"index":"index","follow":"follow","max-snippet":"max-snippet:-1","max-image-preview":"max-image-preview:large","max-video-preview":"max-video-preview:-1"},"canonical":"https:\/\/vesturiskiaktivs.lv\/en\/student-excursions\/","og_locale":"en_US","og_type":"article","og_title":"Student excursions - V\u0113sturiski akt\u012bvs","og_description":"STUDENT EXCURSIONS","og_url":"https:\/\/vesturiskiaktivs.lv\/en\/student-excursions\/","og_site_name":"V\u0113sturiski akt\u012bvs","article_publisher":"https:\/\/www.facebook.com\/vesturiskiaktivs","article_modified_time":"2025-05-08T11:50:07+00:00","og_image":[{"width":1024,"height":1024,"url":"https:\/\/vesturiskiaktivs.lv\/wp-content\/uploads\/2025\/01\/raiskums_pargajiens_059-1024x1024-1.jpg","type":"image\/jpeg"}],"twitter_card":"summary_large_image","twitter_misc":{"Est. reading time":"1 minute"},"schema":{"@context":"https:\/\/schema.org","@graph":[{"@type":"WebPage","@id":"https:\/\/vesturiskiaktivs.lv\/en\/student-excursions\/","url":"https:\/\/vesturiskiaktivs.lv\/en\/student-excursions\/","name":"Student excursions - V\u0113sturiski akt\u012bvs","isPartOf":{"@id":"https:\/\/vesturiskiaktivs.lv\/en\/#website"},"primaryImageOfPage":{"@id":"https:\/\/vesturiskiaktivs.lv\/en\/student-excursions\/#primaryimage"},"image":{"@id":"https:\/\/vesturiskiaktivs.lv\/en\/student-excursions\/#primaryimage"},"thumbnailUrl":"https:\/\/vesturiskiaktivs.lv\/wp-content\/uploads\/2025\/01\/raiskums_pargajiens_059-1024x1024-1.jpg","datePublished":"2025-01-09T15:00:33+00:00","dateModified":"2025-05-08T11:50:07+00:00","description":"STUDENT EXCURSIONS","breadcrumb":{"@id":"https:\/\/vesturiskiaktivs.lv\/en\/student-excursions\/#breadcrumb"},"inLanguage":"en-US","potentialAction":[{"@type":"ReadAction","target":["https:\/\/vesturiskiaktivs.lv\/en\/student-excursions\/"]}]},{"@type":"ImageObject","inLanguage":"en-US","@id":"https:\/\/vesturiskiaktivs.lv\/en\/student-excursions\/#primaryimage","url":"https:\/\/vesturiskiaktivs.lv\/wp-content\/uploads\/2025\/01\/raiskums_pargajiens_059-1024x1024-1.jpg","contentUrl":"https:\/\/vesturiskiaktivs.lv\/wp-content\/uploads\/2025\/01\/raiskums_pargajiens_059-1024x1024-1.jpg"},{"@type":"BreadcrumbList","@id":"https:\/\/vesturiskiaktivs.lv\/en\/student-excursions\/#breadcrumb","itemListElement":[{"@type":"ListItem","position":1,"name":"Home","item":"https:\/\/vesturiskiaktivs.lv\/en\/"},{"@type":"ListItem","position":2,"name":"Student excursions"}]},{"@type":"WebSite","@id":"https:\/\/vesturiskiaktivs.lv\/en\/#website","url":"https:\/\/vesturiskiaktivs.lv\/en\/","name":"V\u0113sturiski akt\u012bvs","description":"Piedz\u012bvojums ik katram","publisher":{"@id":"https:\/\/vesturiskiaktivs.lv\/en\/#organization"},"potentialAction":[{"@type":"SearchAction","target":{"@type":"EntryPoint","urlTemplate":"https:\/\/vesturiskiaktivs.lv\/en\/?s={search_term_string}"},"query-input":{"@type":"PropertyValueSpecification","valueRequired":true,"valueName":"search_term_string"}}],"inLanguage":"en-US"},{"@type":"Organization","@id":"https:\/\/vesturiskiaktivs.lv\/en\/#organization","name":"V\u0113sturiski akt\u012bvs","url":"https:\/\/vesturiskiaktivs.lv\/en\/","logo":{"@type":"ImageObject","inLanguage":"en-US","@id":"https:\/\/vesturiskiaktivs.lv\/en\/#\/schema\/logo\/image\/","url":"https:\/\/vesturiskiaktivs.lv\/wp-content\/uploads\/2024\/12\/cropped-vest.png","contentUrl":"https:\/\/vesturiskiaktivs.lv\/wp-content\/uploads\/2024\/12\/cropped-vest.png","width":195,"height":75,"caption":"V\u0113sturiski akt\u012bvs"},"image":{"@id":"https:\/\/vesturiskiaktivs.lv\/en\/#\/schema\/logo\/image\/"},"sameAs":["https:\/\/www.facebook.com\/vesturiskiaktivs","https:\/\/www.instagram.com\/vesturiskiaktivs\/","https:\/\/www.youtube.com\/channel\/UCjnwl9_afUvVSCsrMLrz6jQ\/videos"]}]}},"_links":{"self":[{"href":"https:\/\/vesturiskiaktivs.lv\/en\/wp-json\/wp\/v2\/pages\/1137","targetHints":{"allow":["GET"]}}],"collection":[{"href":"https:\/\/vesturiskiaktivs.lv\/en\/wp-json\/wp\/v2\/pages"}],"about":[{"href":"https:\/\/vesturiskiaktivs.lv\/en\/wp-json\/wp\/v2\/types\/page"}],"author":[{"embeddable":true,"href":"https:\/\/vesturiskiaktivs.lv\/en\/wp-json\/wp\/v2\/users\/1"}],"replies":[{"embeddable":true,"href":"https:\/\/vesturiskiaktivs.lv\/en\/wp-json\/wp\/v2\/comments?post=1137"}],"version-history":[{"count":8,"href":"https:\/\/vesturiskiaktivs.lv\/en\/wp-json\/wp\/v2\/pages\/1137\/revisions"}],"predecessor-version":[{"id":1649,"href":"https:\/\/vesturiskiaktivs.lv\/en\/wp-json\/wp\/v2\/pages\/1137\/revisions\/1649"}],"wp:attachment":[{"href":"https:\/\/vesturiskiaktivs.lv\/en\/wp-json\/wp\/v2\/media?parent=1137"}],"wp:term":[{"taxonomy":"category","embeddable":true,"href":"https:\/\/vesturiskiaktivs.lv\/en\/wp-json\/wp\/v2\/categories?post=1137"}],"curies":[{"name":"wp","href":"https:\/\/api.w.org\/{rel}","templated":true}]}}