{"id":1142,"date":"2025-01-09T17:00:12","date_gmt":"2025-01-09T15:00:12","guid":{"rendered":"https:\/\/vesturiskiaktivs.lv\/dabas-pargajieni-un-vesturiskas-ekspedicijas\/"},"modified":"2025-06-06T10:38:46","modified_gmt":"2025-06-06T07:38:46","slug":"nature-hikes-and-historical-expeditions","status":"publish","type":"page","link":"https:\/\/vesturiskiaktivs.lv\/en\/nature-hikes-and-historical-expeditions\/","title":{"rendered":"Nature hikes and historical expeditions"},"content":{"rendered":"\t\t<div data-elementor-type=\"wp-page\" data-elementor-id=\"1142\" class=\"elementor elementor-1142 elementor-131\" data-elementor-post-type=\"page\">\n\t\t\t\t\t\t<section class=\"elementor-section elementor-top-section elementor-element elementor-element-4b0bba0b elementor-section-full_width elementor-section-height-min-height elementor-section-height-default elementor-section-items-middle\" data-id=\"4b0bba0b\" data-element_type=\"section\" data-e-type=\"section\" data-settings=\"{&quot;mdp_selection_sticky_effect_enable&quot;:false}\">\n\t\t\t\t\t\t<div class=\"elementor-container elementor-column-gap-default\">\n\t\t\t\t\t<div class=\"elementor-column elementor-col-100 elementor-top-column elementor-element elementor-element-5282ef9a\" data-id=\"5282ef9a\" data-element_type=\"column\" data-e-type=\"column\" data-settings=\"{&quot;background_background&quot;:&quot;classic&quot;,&quot;mdp_selection_sticky_column_effect_enable&quot;:false}\">\n\t\t\t<div class=\"elementor-widget-wrap elementor-element-populated\">\n\t\t\t\t\t<div class=\"elementor-background-overlay\"><\/div>\n\t\t\t\t\t\t<div class=\"elementor-element elementor-element-2cbeddef elementor-widget elementor-widget-heading\" data-id=\"2cbeddef\" data-element_type=\"widget\" data-e-type=\"widget\" data-widget_type=\"heading.default\">\n\t\t\t\t<div class=\"elementor-widget-container\">\n\t\t\t\t\t<h1 class=\"elementor-heading-title elementor-size-default\">Nature hikes and historical expeditions<\/h1>\t\t\t\t<\/div>\n\t\t\t\t<\/div>\n\t\t\t\t\t<\/div>\n\t\t<\/div>\n\t\t\t\t\t<\/div>\n\t\t<\/section>\n\t\t\t\t<section class=\"elementor-section elementor-top-section elementor-element elementor-element-5e81a2d3 elementor-section-boxed elementor-section-height-default elementor-section-height-default\" data-id=\"5e81a2d3\" data-element_type=\"section\" data-e-type=\"section\" data-settings=\"{&quot;mdp_selection_sticky_effect_enable&quot;:false}\">\n\t\t\t\t\t\t<div class=\"elementor-container elementor-column-gap-default\">\n\t\t\t\t\t<div class=\"elementor-column elementor-col-100 elementor-top-column elementor-element elementor-element-15f417c9\" data-id=\"15f417c9\" data-element_type=\"column\" data-e-type=\"column\" data-settings=\"{&quot;mdp_selection_sticky_column_effect_enable&quot;:false}\">\n\t\t\t<div class=\"elementor-widget-wrap elementor-element-populated\">\n\t\t\t\t\t\t<div class=\"elementor-element elementor-element-5ff6a176 elementor-widget elementor-widget-heading\" data-id=\"5ff6a176\" data-element_type=\"widget\" data-e-type=\"widget\" data-widget_type=\"heading.default\">\n\t\t\t\t<div class=\"elementor-widget-container\">\n\t\t\t\t\t<h2 class=\"elementor-heading-title elementor-size-default\">Adventures<\/h2>\t\t\t\t<\/div>\n\t\t\t\t<\/div>\n\t\t\t\t<section class=\"elementor-section elementor-inner-section elementor-element elementor-element-4532901d elementor-section-boxed elementor-section-height-default elementor-section-height-default\" data-id=\"4532901d\" data-element_type=\"section\" data-e-type=\"section\" data-settings=\"{&quot;background_background&quot;:&quot;classic&quot;,&quot;mdp_selection_sticky_effect_enable&quot;:false}\">\n\t\t\t\t\t\t<div class=\"elementor-container elementor-column-gap-default\">\n\t\t\t\t\t<div class=\"elementor-column elementor-col-50 elementor-inner-column elementor-element elementor-element-2b3afacc\" data-id=\"2b3afacc\" data-element_type=\"column\" data-e-type=\"column\" data-settings=\"{&quot;mdp_selection_sticky_column_effect_enable&quot;:false}\">\n\t\t\t<div class=\"elementor-widget-wrap elementor-element-populated\">\n\t\t\t\t\t\t<div class=\"elementor-element elementor-element-13abddc7 elementor-widget elementor-widget-image\" data-id=\"13abddc7\" data-element_type=\"widget\" data-e-type=\"widget\" data-widget_type=\"image.default\">\n\t\t\t\t<div class=\"elementor-widget-container\">\n\t\t\t\t\t\t\t\t\t\t\t\t\t\t\t<img fetchpriority=\"high\" decoding=\"async\" width=\"1024\" height=\"1024\" src=\"https:\/\/vesturiskiaktivs.lv\/wp-content\/uploads\/2025\/01\/WP_20180107_119-2-1024x1024-1.jpg\" class=\"attachment-full size-full wp-image-1057\" alt=\"\" srcset=\"https:\/\/vesturiskiaktivs.lv\/wp-content\/uploads\/2025\/01\/WP_20180107_119-2-1024x1024-1.jpg 1024w, https:\/\/vesturiskiaktivs.lv\/wp-content\/uploads\/2025\/01\/WP_20180107_119-2-1024x1024-1-300x300.jpg 300w, https:\/\/vesturiskiaktivs.lv\/wp-content\/uploads\/2025\/01\/WP_20180107_119-2-1024x1024-1-150x150.jpg 150w, https:\/\/vesturiskiaktivs.lv\/wp-content\/uploads\/2025\/01\/WP_20180107_119-2-1024x1024-1-768x768.jpg 768w\" sizes=\"(max-width: 1024px) 100vw, 1024px\" \/>\t\t\t\t\t\t\t\t\t\t\t\t\t\t\t<\/div>\n\t\t\t\t<\/div>\n\t\t\t\t\t<\/div>\n\t\t<\/div>\n\t\t\t\t<div class=\"elementor-column elementor-col-50 elementor-inner-column elementor-element elementor-element-7ae0b54c\" data-id=\"7ae0b54c\" data-element_type=\"column\" data-e-type=\"column\" data-settings=\"{&quot;background_background&quot;:&quot;classic&quot;,&quot;mdp_selection_sticky_column_effect_enable&quot;:false}\">\n\t\t\t<div class=\"elementor-widget-wrap elementor-element-populated\">\n\t\t\t\t\t\t<div class=\"elementor-element elementor-element-628fa53a elementor-widget elementor-widget-heading\" data-id=\"628fa53a\" data-element_type=\"widget\" data-e-type=\"widget\" data-widget_type=\"heading.default\">\n\t\t\t\t<div class=\"elementor-widget-container\">\n\t\t\t\t\t<h4 class=\"elementor-heading-title elementor-size-default\">a historical walk in the footsteps of r\u016bsi\u0146\u0161<\/h4>\t\t\t\t<\/div>\n\t\t\t\t<\/div>\n\t\t\t\t<div class=\"elementor-element elementor-element-3304d844 elementor-widget elementor-widget-text-editor\" data-id=\"3304d844\" data-element_type=\"widget\" data-e-type=\"widget\" data-widget_type=\"text-editor.default\">\n\t\t\t\t<div class=\"elementor-widget-container\">\n\t\t\t\t\t\t\t\t\t<p><strong>Objective:<\/strong> through an exciting hike, participants are given the opportunity to explore one of the most heroic periods of history during the <strong>Crusades<\/strong> <strong>(13th century)<\/strong> through hands-on experiences in nature <strong>.<\/strong><\/p>\n\t\t\t\t\t\t\t\t<\/div>\n\t\t\t\t<\/div>\n\t\t\t\t<div class=\"elementor-element elementor-element-87f9c8c elementor-widget elementor-widget-button\" data-id=\"87f9c8c\" data-element_type=\"widget\" data-e-type=\"widget\" data-widget_type=\"button.default\">\n\t\t\t\t<div class=\"elementor-widget-container\">\n\t\t\t\t\t\t\t\t\t<div class=\"elementor-button-wrapper\">\n\t\t\t\t\t<a class=\"elementor-button elementor-button-link elementor-size-sm\" href=\"https:\/\/vesturiskiaktivs.lv\/en\/historical-hike-in-the-footsteps-of-rusins\/\">\n\t\t\t\t\t\t<span class=\"elementor-button-content-wrapper\">\n\t\t\t\t\t\t\t\t\t<span class=\"elementor-button-text\">Find out more<\/span>\n\t\t\t\t\t<\/span>\n\t\t\t\t\t<\/a>\n\t\t\t\t<\/div>\n\t\t\t\t\t\t\t\t<\/div>\n\t\t\t\t<\/div>\n\t\t\t\t\t<\/div>\n\t\t<\/div>\n\t\t\t\t\t<\/div>\n\t\t<\/section>\n\t\t\t\t<section class=\"elementor-section elementor-inner-section elementor-element elementor-element-7a830aff elementor-section-boxed elementor-section-height-default elementor-section-height-default\" data-id=\"7a830aff\" data-element_type=\"section\" data-e-type=\"section\" data-settings=\"{&quot;background_background&quot;:&quot;classic&quot;,&quot;mdp_selection_sticky_effect_enable&quot;:false}\">\n\t\t\t\t\t\t<div class=\"elementor-container elementor-column-gap-default\">\n\t\t\t\t\t<div class=\"elementor-column elementor-col-50 elementor-inner-column elementor-element elementor-element-4127de26\" data-id=\"4127de26\" data-element_type=\"column\" data-e-type=\"column\" data-settings=\"{&quot;mdp_selection_sticky_column_effect_enable&quot;:false}\">\n\t\t\t<div class=\"elementor-widget-wrap elementor-element-populated\">\n\t\t\t\t\t\t<div class=\"elementor-element elementor-element-68a39c2 elementor-widget elementor-widget-image\" data-id=\"68a39c2\" data-element_type=\"widget\" data-e-type=\"widget\" data-widget_type=\"image.default\">\n\t\t\t\t<div class=\"elementor-widget-container\">\n\t\t\t\t\t\t\t\t\t\t\t\t\t\t\t<img decoding=\"async\" width=\"1024\" height=\"1024\" src=\"https:\/\/vesturiskiaktivs.lv\/wp-content\/uploads\/2025\/01\/IMG_6982-1-1024x1024-1.jpg\" class=\"attachment-full size-full wp-image-1058\" alt=\"\" srcset=\"https:\/\/vesturiskiaktivs.lv\/wp-content\/uploads\/2025\/01\/IMG_6982-1-1024x1024-1.jpg 1024w, https:\/\/vesturiskiaktivs.lv\/wp-content\/uploads\/2025\/01\/IMG_6982-1-1024x1024-1-300x300.jpg 300w, https:\/\/vesturiskiaktivs.lv\/wp-content\/uploads\/2025\/01\/IMG_6982-1-1024x1024-1-150x150.jpg 150w, https:\/\/vesturiskiaktivs.lv\/wp-content\/uploads\/2025\/01\/IMG_6982-1-1024x1024-1-768x768.jpg 768w\" sizes=\"(max-width: 1024px) 100vw, 1024px\" \/>\t\t\t\t\t\t\t\t\t\t\t\t\t\t\t<\/div>\n\t\t\t\t<\/div>\n\t\t\t\t\t<\/div>\n\t\t<\/div>\n\t\t\t\t<div class=\"elementor-column elementor-col-50 elementor-inner-column elementor-element elementor-element-4e49e468\" data-id=\"4e49e468\" data-element_type=\"column\" data-e-type=\"column\" data-settings=\"{&quot;background_background&quot;:&quot;classic&quot;,&quot;mdp_selection_sticky_column_effect_enable&quot;:false}\">\n\t\t\t<div class=\"elementor-widget-wrap elementor-element-populated\">\n\t\t\t\t\t\t<div class=\"elementor-element elementor-element-7c0182b5 elementor-widget elementor-widget-heading\" data-id=\"7c0182b5\" data-element_type=\"widget\" data-e-type=\"widget\" data-widget_type=\"heading.default\">\n\t\t\t\t<div class=\"elementor-widget-container\">\n\t\t\t\t\t<h4 class=\"elementor-heading-title elementor-size-default\">hiking along the Sve\u0137upe and Len\u010dupe rivers<\/h4>\t\t\t\t<\/div>\n\t\t\t\t<\/div>\n\t\t\t\t<div class=\"elementor-element elementor-element-2f9dcd0f elementor-widget elementor-widget-text-editor\" data-id=\"2f9dcd0f\" data-element_type=\"widget\" data-e-type=\"widget\" data-widget_type=\"text-editor.default\">\n\t\t\t\t<div class=\"elementor-widget-container\">\n\t\t\t\t\t\t\t\t\t<p>A beautiful and spectacular hike along the <strong>banks of the Sve\u0137upe and Len\u010dupe rivers<\/strong>. In different directions. The road opens up to a magnificent and wild nature with deep valleys and picturesque river bends, hiding a number of ancient sites and archaeological values in the surroundings of Raiskums.<\/p>\n\t\t\t\t\t\t\t\t<\/div>\n\t\t\t\t<\/div>\n\t\t\t\t<div class=\"elementor-element elementor-element-7458d6f elementor-widget elementor-widget-button\" data-id=\"7458d6f\" data-element_type=\"widget\" data-e-type=\"widget\" data-widget_type=\"button.default\">\n\t\t\t\t<div class=\"elementor-widget-container\">\n\t\t\t\t\t\t\t\t\t<div class=\"elementor-button-wrapper\">\n\t\t\t\t\t<a class=\"elementor-button elementor-button-link elementor-size-sm\" href=\"https:\/\/vesturiskiaktivs.lv\/en\/hike-along-the-svekupite-and-lencupe-rivers\/\">\n\t\t\t\t\t\t<span class=\"elementor-button-content-wrapper\">\n\t\t\t\t\t\t\t\t\t<span class=\"elementor-button-text\">Find out more<\/span>\n\t\t\t\t\t<\/span>\n\t\t\t\t\t<\/a>\n\t\t\t\t<\/div>\n\t\t\t\t\t\t\t\t<\/div>\n\t\t\t\t<\/div>\n\t\t\t\t\t<\/div>\n\t\t<\/div>\n\t\t\t\t\t<\/div>\n\t\t<\/section>\n\t\t\t\t<section class=\"elementor-section elementor-inner-section elementor-element elementor-element-4730fc27 elementor-section-boxed elementor-section-height-default elementor-section-height-default\" data-id=\"4730fc27\" data-element_type=\"section\" data-e-type=\"section\" data-settings=\"{&quot;background_background&quot;:&quot;classic&quot;,&quot;mdp_selection_sticky_effect_enable&quot;:false}\">\n\t\t\t\t\t\t<div class=\"elementor-container elementor-column-gap-default\">\n\t\t\t\t\t<div class=\"elementor-column elementor-col-50 elementor-inner-column elementor-element elementor-element-3f1e3f7e\" data-id=\"3f1e3f7e\" data-element_type=\"column\" data-e-type=\"column\" data-settings=\"{&quot;mdp_selection_sticky_column_effect_enable&quot;:false}\">\n\t\t\t<div class=\"elementor-widget-wrap elementor-element-populated\">\n\t\t\t\t\t\t<div class=\"elementor-element elementor-element-47a7726e elementor-widget elementor-widget-image\" data-id=\"47a7726e\" data-element_type=\"widget\" data-e-type=\"widget\" data-widget_type=\"image.default\">\n\t\t\t\t<div class=\"elementor-widget-container\">\n\t\t\t\t\t\t\t\t\t\t\t\t\t\t\t<img decoding=\"async\" width=\"1024\" height=\"1024\" src=\"https:\/\/vesturiskiaktivs.lv\/wp-content\/uploads\/2025\/01\/akmens-2-1024x1024-1.jpg\" class=\"attachment-full size-full wp-image-1059\" alt=\"\" srcset=\"https:\/\/vesturiskiaktivs.lv\/wp-content\/uploads\/2025\/01\/akmens-2-1024x1024-1.jpg 1024w, https:\/\/vesturiskiaktivs.lv\/wp-content\/uploads\/2025\/01\/akmens-2-1024x1024-1-300x300.jpg 300w, https:\/\/vesturiskiaktivs.lv\/wp-content\/uploads\/2025\/01\/akmens-2-1024x1024-1-150x150.jpg 150w, https:\/\/vesturiskiaktivs.lv\/wp-content\/uploads\/2025\/01\/akmens-2-1024x1024-1-768x768.jpg 768w\" sizes=\"(max-width: 1024px) 100vw, 1024px\" \/>\t\t\t\t\t\t\t\t\t\t\t\t\t\t\t<\/div>\n\t\t\t\t<\/div>\n\t\t\t\t\t<\/div>\n\t\t<\/div>\n\t\t\t\t<div class=\"elementor-column elementor-col-50 elementor-inner-column elementor-element elementor-element-6abdad17\" data-id=\"6abdad17\" data-element_type=\"column\" data-e-type=\"column\" data-settings=\"{&quot;background_background&quot;:&quot;classic&quot;,&quot;mdp_selection_sticky_column_effect_enable&quot;:false}\">\n\t\t\t<div class=\"elementor-widget-wrap elementor-element-populated\">\n\t\t\t\t\t\t<div class=\"elementor-element elementor-element-1b90f771 elementor-widget elementor-widget-heading\" data-id=\"1b90f771\" data-element_type=\"widget\" data-e-type=\"widget\" data-widget_type=\"heading.default\">\n\t\t\t\t<div class=\"elementor-widget-container\">\n\t\t\t\t\t<h4 class=\"elementor-heading-title elementor-size-default\">Historical Detective - Caracels of the Indric Chronicles<\/h4>\t\t\t\t<\/div>\n\t\t\t\t<\/div>\n\t\t\t\t<div class=\"elementor-element elementor-element-5d9894c1 elementor-widget elementor-widget-text-editor\" data-id=\"5d9894c1\" data-element_type=\"widget\" data-e-type=\"widget\" data-widget_type=\"text-editor.default\">\n\t\t\t\t<div class=\"elementor-widget-container\">\n\t\t\t\t\t\t\t\t\t<p>An expedition of historical experience, following historical roads, forest trails, and the twists and turns of legendary feats in today&#8217;s real environment from Raiskums to the cliffs of Str\u012b\u0137upe.<\/p>\n\t\t\t\t\t\t\t\t<\/div>\n\t\t\t\t<\/div>\n\t\t\t\t<div class=\"elementor-element elementor-element-290c627 elementor-widget elementor-widget-button\" data-id=\"290c627\" data-element_type=\"widget\" data-e-type=\"widget\" data-widget_type=\"button.default\">\n\t\t\t\t<div class=\"elementor-widget-container\">\n\t\t\t\t\t\t\t\t\t<div class=\"elementor-button-wrapper\">\n\t\t\t\t\t<a class=\"elementor-button elementor-button-link elementor-size-sm\" href=\"\/en\/historical-detective-the-battle-roads-of-the-chronicle-of-henry\/\">\n\t\t\t\t\t\t<span class=\"elementor-button-content-wrapper\">\n\t\t\t\t\t\t\t\t\t<span class=\"elementor-button-text\">Find out more<\/span>\n\t\t\t\t\t<\/span>\n\t\t\t\t\t<\/a>\n\t\t\t\t<\/div>\n\t\t\t\t\t\t\t\t<\/div>\n\t\t\t\t<\/div>\n\t\t\t\t\t<\/div>\n\t\t<\/div>\n\t\t\t\t\t<\/div>\n\t\t<\/section>\n\t\t\t\t\t<\/div>\n\t\t<\/div>\n\t\t\t\t\t<\/div>\n\t\t<\/section>\n\t\t\t\t<\/div>\n\t\t","protected":false},"excerpt":{"rendered":"<p>Nature hikes and historical expeditions Adventures a historical walk in the footsteps of r\u016bsi\u0146\u0161 Objective: through an exciting hike, participants are given the opportunity to explore one of the most heroic periods of history during the Crusades (13th century) through hands-on experiences in nature . Find out more hiking along the Sve\u0137upe and Len\u010dupe rivers [&hellip;]<\/p>\n","protected":false},"author":1,"featured_media":0,"parent":0,"menu_order":0,"comment_status":"closed","ping_status":"closed","template":"elementor_header_footer","meta":{"footnotes":""},"categories":[29,28],"class_list":["post-1142","page","type-page","status-publish","hentry","category-nature-hikes-and-historical-expeditions","category-range-of-adventures"],"yoast_head":"<!-- This site is optimized with the Yoast SEO plugin v27.4 - https:\/\/yoast.com\/product\/yoast-seo-wordpress\/ -->\n<title>Nature hikes and historical expeditions - V\u0113sturiski akt\u012bvs<\/title>\n<meta name=\"description\" content=\"NATURE HIKES AND HISTORICAL EXPEDITIONS\" \/>\n<meta name=\"robots\" content=\"index, follow, max-snippet:-1, max-image-preview:large, max-video-preview:-1\" \/>\n<link rel=\"canonical\" href=\"https:\/\/vesturiskiaktivs.lv\/en\/nature-hikes-and-historical-expeditions\/\" \/>\n<meta property=\"og:locale\" content=\"en_US\" \/>\n<meta property=\"og:type\" content=\"article\" \/>\n<meta property=\"og:title\" content=\"Nature hikes and historical expeditions - V\u0113sturiski akt\u012bvs\" \/>\n<meta property=\"og:description\" content=\"NATURE HIKES AND HISTORICAL EXPEDITIONS\" \/>\n<meta property=\"og:url\" content=\"https:\/\/vesturiskiaktivs.lv\/en\/nature-hikes-and-historical-expeditions\/\" \/>\n<meta property=\"og:site_name\" content=\"V\u0113sturiski akt\u012bvs\" \/>\n<meta property=\"article:publisher\" content=\"https:\/\/www.facebook.com\/vesturiskiaktivs\" \/>\n<meta property=\"article:modified_time\" content=\"2025-06-06T07:38:46+00:00\" \/>\n<meta property=\"og:image\" content=\"https:\/\/vesturiskiaktivs.lv\/wp-content\/uploads\/2025\/01\/WP_20180107_119-2-1024x1024-1.jpg\" \/>\n\t<meta property=\"og:image:width\" content=\"1024\" \/>\n\t<meta property=\"og:image:height\" content=\"1024\" \/>\n\t<meta property=\"og:image:type\" content=\"image\/jpeg\" \/>\n<meta name=\"twitter:card\" content=\"summary_large_image\" \/>\n<meta name=\"twitter:label1\" content=\"Est. reading time\" \/>\n\t<meta name=\"twitter:data1\" content=\"2 minutes\" \/>\n<script type=\"application\/ld+json\" class=\"yoast-schema-graph\">{\"@context\":\"https:\\\/\\\/schema.org\",\"@graph\":[{\"@type\":\"WebPage\",\"@id\":\"https:\\\/\\\/vesturiskiaktivs.lv\\\/en\\\/nature-hikes-and-historical-expeditions\\\/\",\"url\":\"https:\\\/\\\/vesturiskiaktivs.lv\\\/en\\\/nature-hikes-and-historical-expeditions\\\/\",\"name\":\"Nature hikes and historical expeditions - V\u0113sturiski akt\u012bvs\",\"isPartOf\":{\"@id\":\"https:\\\/\\\/vesturiskiaktivs.lv\\\/en\\\/#website\"},\"primaryImageOfPage\":{\"@id\":\"https:\\\/\\\/vesturiskiaktivs.lv\\\/en\\\/nature-hikes-and-historical-expeditions\\\/#primaryimage\"},\"image\":{\"@id\":\"https:\\\/\\\/vesturiskiaktivs.lv\\\/en\\\/nature-hikes-and-historical-expeditions\\\/#primaryimage\"},\"thumbnailUrl\":\"https:\\\/\\\/vesturiskiaktivs.lv\\\/wp-content\\\/uploads\\\/2025\\\/01\\\/WP_20180107_119-2-1024x1024-1.jpg\",\"datePublished\":\"2025-01-09T15:00:12+00:00\",\"dateModified\":\"2025-06-06T07:38:46+00:00\",\"description\":\"NATURE HIKES AND HISTORICAL EXPEDITIONS\",\"breadcrumb\":{\"@id\":\"https:\\\/\\\/vesturiskiaktivs.lv\\\/en\\\/nature-hikes-and-historical-expeditions\\\/#breadcrumb\"},\"inLanguage\":\"en-US\",\"potentialAction\":[{\"@type\":\"ReadAction\",\"target\":[\"https:\\\/\\\/vesturiskiaktivs.lv\\\/en\\\/nature-hikes-and-historical-expeditions\\\/\"]}]},{\"@type\":\"ImageObject\",\"inLanguage\":\"en-US\",\"@id\":\"https:\\\/\\\/vesturiskiaktivs.lv\\\/en\\\/nature-hikes-and-historical-expeditions\\\/#primaryimage\",\"url\":\"https:\\\/\\\/vesturiskiaktivs.lv\\\/wp-content\\\/uploads\\\/2025\\\/01\\\/WP_20180107_119-2-1024x1024-1.jpg\",\"contentUrl\":\"https:\\\/\\\/vesturiskiaktivs.lv\\\/wp-content\\\/uploads\\\/2025\\\/01\\\/WP_20180107_119-2-1024x1024-1.jpg\"},{\"@type\":\"BreadcrumbList\",\"@id\":\"https:\\\/\\\/vesturiskiaktivs.lv\\\/en\\\/nature-hikes-and-historical-expeditions\\\/#breadcrumb\",\"itemListElement\":[{\"@type\":\"ListItem\",\"position\":1,\"name\":\"Home\",\"item\":\"https:\\\/\\\/vesturiskiaktivs.lv\\\/en\\\/\"},{\"@type\":\"ListItem\",\"position\":2,\"name\":\"Nature hikes and historical expeditions\"}]},{\"@type\":\"WebSite\",\"@id\":\"https:\\\/\\\/vesturiskiaktivs.lv\\\/en\\\/#website\",\"url\":\"https:\\\/\\\/vesturiskiaktivs.lv\\\/en\\\/\",\"name\":\"V\u0113sturiski akt\u012bvs\",\"description\":\"Piedz\u012bvojums ik katram\",\"publisher\":{\"@id\":\"https:\\\/\\\/vesturiskiaktivs.lv\\\/en\\\/#organization\"},\"potentialAction\":[{\"@type\":\"SearchAction\",\"target\":{\"@type\":\"EntryPoint\",\"urlTemplate\":\"https:\\\/\\\/vesturiskiaktivs.lv\\\/en\\\/?s={search_term_string}\"},\"query-input\":{\"@type\":\"PropertyValueSpecification\",\"valueRequired\":true,\"valueName\":\"search_term_string\"}}],\"inLanguage\":\"en-US\"},{\"@type\":\"Organization\",\"@id\":\"https:\\\/\\\/vesturiskiaktivs.lv\\\/en\\\/#organization\",\"name\":\"V\u0113sturiski akt\u012bvs\",\"url\":\"https:\\\/\\\/vesturiskiaktivs.lv\\\/en\\\/\",\"logo\":{\"@type\":\"ImageObject\",\"inLanguage\":\"en-US\",\"@id\":\"https:\\\/\\\/vesturiskiaktivs.lv\\\/en\\\/#\\\/schema\\\/logo\\\/image\\\/\",\"url\":\"https:\\\/\\\/vesturiskiaktivs.lv\\\/wp-content\\\/uploads\\\/2024\\\/12\\\/cropped-vest.png\",\"contentUrl\":\"https:\\\/\\\/vesturiskiaktivs.lv\\\/wp-content\\\/uploads\\\/2024\\\/12\\\/cropped-vest.png\",\"width\":195,\"height\":75,\"caption\":\"V\u0113sturiski akt\u012bvs\"},\"image\":{\"@id\":\"https:\\\/\\\/vesturiskiaktivs.lv\\\/en\\\/#\\\/schema\\\/logo\\\/image\\\/\"},\"sameAs\":[\"https:\\\/\\\/www.facebook.com\\\/vesturiskiaktivs\",\"https:\\\/\\\/www.instagram.com\\\/vesturiskiaktivs\\\/\",\"https:\\\/\\\/www.youtube.com\\\/channel\\\/UCjnwl9_afUvVSCsrMLrz6jQ\\\/videos\"]}]}<\/script>\n<!-- \/ Yoast SEO plugin. -->","yoast_head_json":{"title":"Nature hikes and historical expeditions - V\u0113sturiski akt\u012bvs","description":"NATURE HIKES AND HISTORICAL EXPEDITIONS","robots":{"index":"index","follow":"follow","max-snippet":"max-snippet:-1","max-image-preview":"max-image-preview:large","max-video-preview":"max-video-preview:-1"},"canonical":"https:\/\/vesturiskiaktivs.lv\/en\/nature-hikes-and-historical-expeditions\/","og_locale":"en_US","og_type":"article","og_title":"Nature hikes and historical expeditions - V\u0113sturiski akt\u012bvs","og_description":"NATURE HIKES AND HISTORICAL EXPEDITIONS","og_url":"https:\/\/vesturiskiaktivs.lv\/en\/nature-hikes-and-historical-expeditions\/","og_site_name":"V\u0113sturiski akt\u012bvs","article_publisher":"https:\/\/www.facebook.com\/vesturiskiaktivs","article_modified_time":"2025-06-06T07:38:46+00:00","og_image":[{"width":1024,"height":1024,"url":"https:\/\/vesturiskiaktivs.lv\/wp-content\/uploads\/2025\/01\/WP_20180107_119-2-1024x1024-1.jpg","type":"image\/jpeg"}],"twitter_card":"summary_large_image","twitter_misc":{"Est. reading time":"2 minutes"},"schema":{"@context":"https:\/\/schema.org","@graph":[{"@type":"WebPage","@id":"https:\/\/vesturiskiaktivs.lv\/en\/nature-hikes-and-historical-expeditions\/","url":"https:\/\/vesturiskiaktivs.lv\/en\/nature-hikes-and-historical-expeditions\/","name":"Nature hikes and historical expeditions - V\u0113sturiski akt\u012bvs","isPartOf":{"@id":"https:\/\/vesturiskiaktivs.lv\/en\/#website"},"primaryImageOfPage":{"@id":"https:\/\/vesturiskiaktivs.lv\/en\/nature-hikes-and-historical-expeditions\/#primaryimage"},"image":{"@id":"https:\/\/vesturiskiaktivs.lv\/en\/nature-hikes-and-historical-expeditions\/#primaryimage"},"thumbnailUrl":"https:\/\/vesturiskiaktivs.lv\/wp-content\/uploads\/2025\/01\/WP_20180107_119-2-1024x1024-1.jpg","datePublished":"2025-01-09T15:00:12+00:00","dateModified":"2025-06-06T07:38:46+00:00","description":"NATURE HIKES AND HISTORICAL EXPEDITIONS","breadcrumb":{"@id":"https:\/\/vesturiskiaktivs.lv\/en\/nature-hikes-and-historical-expeditions\/#breadcrumb"},"inLanguage":"en-US","potentialAction":[{"@type":"ReadAction","target":["https:\/\/vesturiskiaktivs.lv\/en\/nature-hikes-and-historical-expeditions\/"]}]},{"@type":"ImageObject","inLanguage":"en-US","@id":"https:\/\/vesturiskiaktivs.lv\/en\/nature-hikes-and-historical-expeditions\/#primaryimage","url":"https:\/\/vesturiskiaktivs.lv\/wp-content\/uploads\/2025\/01\/WP_20180107_119-2-1024x1024-1.jpg","contentUrl":"https:\/\/vesturiskiaktivs.lv\/wp-content\/uploads\/2025\/01\/WP_20180107_119-2-1024x1024-1.jpg"},{"@type":"BreadcrumbList","@id":"https:\/\/vesturiskiaktivs.lv\/en\/nature-hikes-and-historical-expeditions\/#breadcrumb","itemListElement":[{"@type":"ListItem","position":1,"name":"Home","item":"https:\/\/vesturiskiaktivs.lv\/en\/"},{"@type":"ListItem","position":2,"name":"Nature hikes and historical expeditions"}]},{"@type":"WebSite","@id":"https:\/\/vesturiskiaktivs.lv\/en\/#website","url":"https:\/\/vesturiskiaktivs.lv\/en\/","name":"V\u0113sturiski akt\u012bvs","description":"Piedz\u012bvojums ik katram","publisher":{"@id":"https:\/\/vesturiskiaktivs.lv\/en\/#organization"},"potentialAction":[{"@type":"SearchAction","target":{"@type":"EntryPoint","urlTemplate":"https:\/\/vesturiskiaktivs.lv\/en\/?s={search_term_string}"},"query-input":{"@type":"PropertyValueSpecification","valueRequired":true,"valueName":"search_term_string"}}],"inLanguage":"en-US"},{"@type":"Organization","@id":"https:\/\/vesturiskiaktivs.lv\/en\/#organization","name":"V\u0113sturiski akt\u012bvs","url":"https:\/\/vesturiskiaktivs.lv\/en\/","logo":{"@type":"ImageObject","inLanguage":"en-US","@id":"https:\/\/vesturiskiaktivs.lv\/en\/#\/schema\/logo\/image\/","url":"https:\/\/vesturiskiaktivs.lv\/wp-content\/uploads\/2024\/12\/cropped-vest.png","contentUrl":"https:\/\/vesturiskiaktivs.lv\/wp-content\/uploads\/2024\/12\/cropped-vest.png","width":195,"height":75,"caption":"V\u0113sturiski akt\u012bvs"},"image":{"@id":"https:\/\/vesturiskiaktivs.lv\/en\/#\/schema\/logo\/image\/"},"sameAs":["https:\/\/www.facebook.com\/vesturiskiaktivs","https:\/\/www.instagram.com\/vesturiskiaktivs\/","https:\/\/www.youtube.com\/channel\/UCjnwl9_afUvVSCsrMLrz6jQ\/videos"]}]}},"_links":{"self":[{"href":"https:\/\/vesturiskiaktivs.lv\/en\/wp-json\/wp\/v2\/pages\/1142","targetHints":{"allow":["GET"]}}],"collection":[{"href":"https:\/\/vesturiskiaktivs.lv\/en\/wp-json\/wp\/v2\/pages"}],"about":[{"href":"https:\/\/vesturiskiaktivs.lv\/en\/wp-json\/wp\/v2\/types\/page"}],"author":[{"embeddable":true,"href":"https:\/\/vesturiskiaktivs.lv\/en\/wp-json\/wp\/v2\/users\/1"}],"replies":[{"embeddable":true,"href":"https:\/\/vesturiskiaktivs.lv\/en\/wp-json\/wp\/v2\/comments?post=1142"}],"version-history":[{"count":16,"href":"https:\/\/vesturiskiaktivs.lv\/en\/wp-json\/wp\/v2\/pages\/1142\/revisions"}],"predecessor-version":[{"id":1725,"href":"https:\/\/vesturiskiaktivs.lv\/en\/wp-json\/wp\/v2\/pages\/1142\/revisions\/1725"}],"wp:attachment":[{"href":"https:\/\/vesturiskiaktivs.lv\/en\/wp-json\/wp\/v2\/media?parent=1142"}],"wp:term":[{"taxonomy":"category","embeddable":true,"href":"https:\/\/vesturiskiaktivs.lv\/en\/wp-json\/wp\/v2\/categories?post=1142"}],"curies":[{"name":"wp","href":"https:\/\/api.w.org\/{rel}","templated":true}]}}