{"id":1146,"date":"2025-01-09T17:23:05","date_gmt":"2025-01-09T15:23:05","guid":{"rendered":"https:\/\/vesturiskiaktivs.lv\/kas-mes-esam-vesturiskiaktivs-raiskuma\/"},"modified":"2025-06-06T10:39:33","modified_gmt":"2025-06-06T07:39:33","slug":"who-we-are-a-living-history-in-raiskums","status":"publish","type":"page","link":"https:\/\/vesturiskiaktivs.lv\/en\/who-we-are-a-living-history-in-raiskums\/","title":{"rendered":"Who We Are: A Living History in Raiskums"},"content":{"rendered":"\t\t<div data-elementor-type=\"wp-page\" data-elementor-id=\"1146\" class=\"elementor elementor-1146 elementor-165\" data-elementor-post-type=\"page\">\n\t\t\t\t\t\t<section class=\"elementor-section elementor-top-section elementor-element elementor-element-d098600 elementor-section-full_width elementor-section-height-min-height elementor-section-height-default elementor-section-items-middle\" data-id=\"d098600\" data-element_type=\"section\" data-e-type=\"section\" data-settings=\"{&quot;mdp_selection_sticky_effect_enable&quot;:false}\">\n\t\t\t\t\t\t<div class=\"elementor-container elementor-column-gap-default\">\n\t\t\t\t\t<div class=\"elementor-column elementor-col-100 elementor-top-column elementor-element elementor-element-a91cde4\" data-id=\"a91cde4\" data-element_type=\"column\" data-e-type=\"column\" data-settings=\"{&quot;background_background&quot;:&quot;classic&quot;,&quot;mdp_selection_sticky_column_effect_enable&quot;:false}\">\n\t\t\t<div class=\"elementor-widget-wrap elementor-element-populated\">\n\t\t\t\t\t<div class=\"elementor-background-overlay\"><\/div>\n\t\t\t\t\t\t<div class=\"elementor-element elementor-element-351a2c9 elementor-widget elementor-widget-heading\" data-id=\"351a2c9\" data-element_type=\"widget\" data-e-type=\"widget\" data-widget_type=\"heading.default\">\n\t\t\t\t<div class=\"elementor-widget-container\">\n\t\t\t\t\t<h2 class=\"elementor-heading-title elementor-size-default\">who we are - historically active in the spark<\/h2>\t\t\t\t<\/div>\n\t\t\t\t<\/div>\n\t\t\t\t\t<\/div>\n\t\t<\/div>\n\t\t\t\t\t<\/div>\n\t\t<\/section>\n\t\t\t\t<section class=\"elementor-section elementor-top-section elementor-element elementor-element-8956a8c elementor-section-boxed elementor-section-height-default elementor-section-height-default\" data-id=\"8956a8c\" data-element_type=\"section\" data-e-type=\"section\" data-settings=\"{&quot;background_background&quot;:&quot;classic&quot;,&quot;mdp_selection_sticky_effect_enable&quot;:false}\">\n\t\t\t\t\t\t\t<div class=\"elementor-background-overlay\"><\/div>\n\t\t\t\t\t\t\t<div class=\"elementor-container elementor-column-gap-default\">\n\t\t\t\t\t<div class=\"elementor-column elementor-col-100 elementor-top-column elementor-element elementor-element-ade1110\" data-id=\"ade1110\" data-element_type=\"column\" data-e-type=\"column\" data-settings=\"{&quot;background_background&quot;:&quot;classic&quot;,&quot;mdp_selection_sticky_column_effect_enable&quot;:false}\">\n\t\t\t<div class=\"elementor-widget-wrap elementor-element-populated\">\n\t\t\t\t\t\t<section class=\"elementor-section elementor-inner-section elementor-element elementor-element-aed0352 elementor-section-boxed elementor-section-height-default elementor-section-height-default\" data-id=\"aed0352\" data-element_type=\"section\" data-e-type=\"section\" data-settings=\"{&quot;mdp_selection_sticky_effect_enable&quot;:false}\">\n\t\t\t\t\t\t<div class=\"elementor-container elementor-column-gap-default\">\n\t\t\t\t\t<div class=\"elementor-column elementor-col-100 elementor-inner-column elementor-element elementor-element-5cba560\" data-id=\"5cba560\" data-element_type=\"column\" data-e-type=\"column\" data-settings=\"{&quot;mdp_selection_sticky_column_effect_enable&quot;:false}\">\n\t\t\t<div class=\"elementor-widget-wrap elementor-element-populated\">\n\t\t\t\t\t\t<div class=\"elementor-element elementor-element-d564424 elementor-vertical-align-middle elementor-widget elementor-widget-image-box\" data-id=\"d564424\" data-element_type=\"widget\" data-e-type=\"widget\" data-widget_type=\"image-box.default\">\n\t\t\t\t<div class=\"elementor-widget-container\">\n\t\t\t\t\t<div class=\"elementor-image-box-wrapper\"><div class=\"elementor-image-box-content\"><h4 class=\"elementor-image-box-title\">\"Historically active in Raiskums\" is the Social Tourism Cooperative.<\/h4><\/div><\/div>\t\t\t\t<\/div>\n\t\t\t\t<\/div>\n\t\t\t\t<div class=\"elementor-element elementor-element-1025873 elementor-widget elementor-widget-text-editor\" data-id=\"1025873\" data-element_type=\"widget\" data-e-type=\"widget\" data-widget_type=\"text-editor.default\">\n\t\t\t\t<div class=\"elementor-widget-container\">\n\t\t\t\t\t\t\t\t\t<p>What do we mean by this?<\/p>\n<p>The term &#8220;social tourism&#8221; itself has been coined to underline the basic principle of our activity &#8211; to use the common resource of the community to create the best together and to make the phenomenon of tourism not a business monopoly, but a place and role for every active resident, home-maker, skilled craftsman to play in welcoming visitors to our region.<\/p>\n\t\t\t\t\t\t\t\t<\/div>\n\t\t\t\t<\/div>\n\t\t\t\t\t<\/div>\n\t\t<\/div>\n\t\t\t\t\t<\/div>\n\t\t<\/section>\n\t\t\t\t<div class=\"elementor-element elementor-element-37f7af8 elementor-widget-divider--view-line elementor-widget elementor-widget-divider\" data-id=\"37f7af8\" data-element_type=\"widget\" data-e-type=\"widget\" data-widget_type=\"divider.default\">\n\t\t\t\t<div class=\"elementor-widget-container\">\n\t\t\t\t\t\t\t<div class=\"elementor-divider\">\n\t\t\t<span class=\"elementor-divider-separator\">\n\t\t\t\t\t\t<\/span>\n\t\t<\/div>\n\t\t\t\t\t\t<\/div>\n\t\t\t\t<\/div>\n\t\t\t\t<section class=\"elementor-section elementor-inner-section elementor-element elementor-element-7ea6ab6 elementor-section-boxed elementor-section-height-default elementor-section-height-default\" data-id=\"7ea6ab6\" data-element_type=\"section\" data-e-type=\"section\" data-settings=\"{&quot;mdp_selection_sticky_effect_enable&quot;:false}\">\n\t\t\t\t\t\t<div class=\"elementor-container elementor-column-gap-default\">\n\t\t\t\t\t<div class=\"elementor-column elementor-col-100 elementor-inner-column elementor-element elementor-element-c3bbf68\" data-id=\"c3bbf68\" data-element_type=\"column\" data-e-type=\"column\" data-settings=\"{&quot;mdp_selection_sticky_column_effect_enable&quot;:false}\">\n\t\t\t<div class=\"elementor-widget-wrap elementor-element-populated\">\n\t\t\t\t\t\t<div class=\"elementor-element elementor-element-ac0b151 elementor-widget elementor-widget-text-editor\" data-id=\"ac0b151\" data-element_type=\"widget\" data-e-type=\"widget\" data-widget_type=\"text-editor.default\">\n\t\t\t\t<div class=\"elementor-widget-container\">\n\t\t\t\t\t\t\t\t\t<p>The hikes we offer are detailed events based on active movement combined with environmental and historical educational elements, the work of our trained guides and the care of our guests. Participants don&#8217;t even have to worry about drinking water, but a picnic lunch break gives guests a chance to relax and enjoy the natural environment while hot snacks are prepared on the fire, tea is brewed and a feast is laid out from our own &#8211; freshly cooked\/grown products from Raiskums households. We provide everything from mugs of tea to the freshest cheese and bread baked in the morning.<\/p>\n<p>Of course, we could do without all that and stick to homemade sandwiches. But our main goal is not just to clean up the open spaces of Raiskums&#8217; fabulous forest, but to support our own Raiskums farms with our common resource &#8211; our natural and cultural heritage.<\/p>\n<p>We welcome our guests to visit us in Raiskums!<\/p>\n<p>Yours sincerely,<\/p>\n<p>Historical team in Raiskums<\/p>\n\t\t\t\t\t\t\t\t<\/div>\n\t\t\t\t<\/div>\n\t\t\t\t\t<\/div>\n\t\t<\/div>\n\t\t\t\t\t<\/div>\n\t\t<\/section>\n\t\t\t\t\t<\/div>\n\t\t<\/div>\n\t\t\t\t\t<\/div>\n\t\t<\/section>\n\t\t\t\t<\/div>\n\t\t","protected":false},"excerpt":{"rendered":"<p>who we are &#8211; historically active in the spark &#8220;Historically active in Raiskums&#8221; is the Social Tourism Cooperative. What do we mean by this? The term &#8220;social tourism&#8221; itself has been coined to underline the basic principle of our activity &#8211; to use the common resource of the community to create the best together and [&hellip;]<\/p>\n","protected":false},"author":1,"featured_media":0,"parent":0,"menu_order":0,"comment_status":"closed","ping_status":"closed","template":"","meta":{"footnotes":""},"categories":[],"class_list":["post-1146","page","type-page","status-publish","hentry"],"yoast_head":"<!-- This site is optimized with the Yoast SEO plugin v27.4 - https:\/\/yoast.com\/product\/yoast-seo-wordpress\/ -->\n<title>Who We Are: A Living History in Raiskums - V\u0113sturiski akt\u012bvs<\/title>\n<meta name=\"description\" content=\"The hikes we offer are carefully designed events based on active movement combined with environmental and historical educational elements, the work of our trained guides and the care of our guests.\" \/>\n<meta name=\"robots\" content=\"index, follow, max-snippet:-1, max-image-preview:large, max-video-preview:-1\" \/>\n<link rel=\"canonical\" href=\"https:\/\/vesturiskiaktivs.lv\/en\/who-we-are-a-living-history-in-raiskums\/\" \/>\n<meta property=\"og:locale\" content=\"en_US\" \/>\n<meta property=\"og:type\" content=\"article\" \/>\n<meta property=\"og:title\" content=\"Who We Are: A Living History in Raiskums - V\u0113sturiski akt\u012bvs\" \/>\n<meta property=\"og:description\" content=\"The hikes we offer are carefully designed events based on active movement combined with environmental and historical educational elements, the work of our trained guides and the care of our guests.\" \/>\n<meta property=\"og:url\" content=\"https:\/\/vesturiskiaktivs.lv\/en\/who-we-are-a-living-history-in-raiskums\/\" \/>\n<meta property=\"og:site_name\" content=\"V\u0113sturiski akt\u012bvs\" \/>\n<meta property=\"article:publisher\" content=\"https:\/\/www.facebook.com\/vesturiskiaktivs\" \/>\n<meta property=\"article:modified_time\" content=\"2025-06-06T07:39:33+00:00\" \/>\n<meta property=\"og:image\" content=\"https:\/\/vesturiskiaktivs.lv\/wp-content\/uploads\/2024\/12\/vest.png\" \/>\n\t<meta property=\"og:image:width\" content=\"195\" \/>\n\t<meta property=\"og:image:height\" content=\"75\" \/>\n\t<meta property=\"og:image:type\" content=\"image\/png\" \/>\n<meta name=\"twitter:card\" content=\"summary_large_image\" \/>\n<script type=\"application\/ld+json\" class=\"yoast-schema-graph\">{\"@context\":\"https:\\\/\\\/schema.org\",\"@graph\":[{\"@type\":\"WebPage\",\"@id\":\"https:\\\/\\\/vesturiskiaktivs.lv\\\/en\\\/who-we-are-a-living-history-in-raiskums\\\/\",\"url\":\"https:\\\/\\\/vesturiskiaktivs.lv\\\/en\\\/who-we-are-a-living-history-in-raiskums\\\/\",\"name\":\"Who We Are: A Living History in Raiskums - V\u0113sturiski akt\u012bvs\",\"isPartOf\":{\"@id\":\"https:\\\/\\\/vesturiskiaktivs.lv\\\/en\\\/#website\"},\"datePublished\":\"2025-01-09T15:23:05+00:00\",\"dateModified\":\"2025-06-06T07:39:33+00:00\",\"description\":\"The hikes we offer are carefully designed events based on active movement combined with environmental and historical educational elements, the work of our trained guides and the care of our guests.\",\"breadcrumb\":{\"@id\":\"https:\\\/\\\/vesturiskiaktivs.lv\\\/en\\\/who-we-are-a-living-history-in-raiskums\\\/#breadcrumb\"},\"inLanguage\":\"en-US\",\"potentialAction\":[{\"@type\":\"ReadAction\",\"target\":[\"https:\\\/\\\/vesturiskiaktivs.lv\\\/en\\\/who-we-are-a-living-history-in-raiskums\\\/\"]}]},{\"@type\":\"BreadcrumbList\",\"@id\":\"https:\\\/\\\/vesturiskiaktivs.lv\\\/en\\\/who-we-are-a-living-history-in-raiskums\\\/#breadcrumb\",\"itemListElement\":[{\"@type\":\"ListItem\",\"position\":1,\"name\":\"Home\",\"item\":\"https:\\\/\\\/vesturiskiaktivs.lv\\\/en\\\/\"},{\"@type\":\"ListItem\",\"position\":2,\"name\":\"Who We Are: A Living History in Raiskums\"}]},{\"@type\":\"WebSite\",\"@id\":\"https:\\\/\\\/vesturiskiaktivs.lv\\\/en\\\/#website\",\"url\":\"https:\\\/\\\/vesturiskiaktivs.lv\\\/en\\\/\",\"name\":\"V\u0113sturiski akt\u012bvs\",\"description\":\"Piedz\u012bvojums ik katram\",\"publisher\":{\"@id\":\"https:\\\/\\\/vesturiskiaktivs.lv\\\/en\\\/#organization\"},\"potentialAction\":[{\"@type\":\"SearchAction\",\"target\":{\"@type\":\"EntryPoint\",\"urlTemplate\":\"https:\\\/\\\/vesturiskiaktivs.lv\\\/en\\\/?s={search_term_string}\"},\"query-input\":{\"@type\":\"PropertyValueSpecification\",\"valueRequired\":true,\"valueName\":\"search_term_string\"}}],\"inLanguage\":\"en-US\"},{\"@type\":\"Organization\",\"@id\":\"https:\\\/\\\/vesturiskiaktivs.lv\\\/en\\\/#organization\",\"name\":\"V\u0113sturiski akt\u012bvs\",\"url\":\"https:\\\/\\\/vesturiskiaktivs.lv\\\/en\\\/\",\"logo\":{\"@type\":\"ImageObject\",\"inLanguage\":\"en-US\",\"@id\":\"https:\\\/\\\/vesturiskiaktivs.lv\\\/en\\\/#\\\/schema\\\/logo\\\/image\\\/\",\"url\":\"https:\\\/\\\/vesturiskiaktivs.lv\\\/wp-content\\\/uploads\\\/2024\\\/12\\\/cropped-vest.png\",\"contentUrl\":\"https:\\\/\\\/vesturiskiaktivs.lv\\\/wp-content\\\/uploads\\\/2024\\\/12\\\/cropped-vest.png\",\"width\":195,\"height\":75,\"caption\":\"V\u0113sturiski akt\u012bvs\"},\"image\":{\"@id\":\"https:\\\/\\\/vesturiskiaktivs.lv\\\/en\\\/#\\\/schema\\\/logo\\\/image\\\/\"},\"sameAs\":[\"https:\\\/\\\/www.facebook.com\\\/vesturiskiaktivs\",\"https:\\\/\\\/www.instagram.com\\\/vesturiskiaktivs\\\/\",\"https:\\\/\\\/www.youtube.com\\\/channel\\\/UCjnwl9_afUvVSCsrMLrz6jQ\\\/videos\"]}]}<\/script>\n<!-- \/ Yoast SEO plugin. -->","yoast_head_json":{"title":"Who We Are: A Living History in Raiskums - V\u0113sturiski akt\u012bvs","description":"The hikes we offer are carefully designed events based on active movement combined with environmental and historical educational elements, the work of our trained guides and the care of our guests.","robots":{"index":"index","follow":"follow","max-snippet":"max-snippet:-1","max-image-preview":"max-image-preview:large","max-video-preview":"max-video-preview:-1"},"canonical":"https:\/\/vesturiskiaktivs.lv\/en\/who-we-are-a-living-history-in-raiskums\/","og_locale":"en_US","og_type":"article","og_title":"Who We Are: A Living History in Raiskums - V\u0113sturiski akt\u012bvs","og_description":"The hikes we offer are carefully designed events based on active movement combined with environmental and historical educational elements, the work of our trained guides and the care of our guests.","og_url":"https:\/\/vesturiskiaktivs.lv\/en\/who-we-are-a-living-history-in-raiskums\/","og_site_name":"V\u0113sturiski akt\u012bvs","article_publisher":"https:\/\/www.facebook.com\/vesturiskiaktivs","article_modified_time":"2025-06-06T07:39:33+00:00","og_image":[{"width":195,"height":75,"url":"https:\/\/vesturiskiaktivs.lv\/wp-content\/uploads\/2024\/12\/vest.png","type":"image\/png"}],"twitter_card":"summary_large_image","schema":{"@context":"https:\/\/schema.org","@graph":[{"@type":"WebPage","@id":"https:\/\/vesturiskiaktivs.lv\/en\/who-we-are-a-living-history-in-raiskums\/","url":"https:\/\/vesturiskiaktivs.lv\/en\/who-we-are-a-living-history-in-raiskums\/","name":"Who We Are: A Living History in Raiskums - V\u0113sturiski akt\u012bvs","isPartOf":{"@id":"https:\/\/vesturiskiaktivs.lv\/en\/#website"},"datePublished":"2025-01-09T15:23:05+00:00","dateModified":"2025-06-06T07:39:33+00:00","description":"The hikes we offer are carefully designed events based on active movement combined with environmental and historical educational elements, the work of our trained guides and the care of our guests.","breadcrumb":{"@id":"https:\/\/vesturiskiaktivs.lv\/en\/who-we-are-a-living-history-in-raiskums\/#breadcrumb"},"inLanguage":"en-US","potentialAction":[{"@type":"ReadAction","target":["https:\/\/vesturiskiaktivs.lv\/en\/who-we-are-a-living-history-in-raiskums\/"]}]},{"@type":"BreadcrumbList","@id":"https:\/\/vesturiskiaktivs.lv\/en\/who-we-are-a-living-history-in-raiskums\/#breadcrumb","itemListElement":[{"@type":"ListItem","position":1,"name":"Home","item":"https:\/\/vesturiskiaktivs.lv\/en\/"},{"@type":"ListItem","position":2,"name":"Who We Are: A Living History in Raiskums"}]},{"@type":"WebSite","@id":"https:\/\/vesturiskiaktivs.lv\/en\/#website","url":"https:\/\/vesturiskiaktivs.lv\/en\/","name":"V\u0113sturiski akt\u012bvs","description":"Piedz\u012bvojums ik katram","publisher":{"@id":"https:\/\/vesturiskiaktivs.lv\/en\/#organization"},"potentialAction":[{"@type":"SearchAction","target":{"@type":"EntryPoint","urlTemplate":"https:\/\/vesturiskiaktivs.lv\/en\/?s={search_term_string}"},"query-input":{"@type":"PropertyValueSpecification","valueRequired":true,"valueName":"search_term_string"}}],"inLanguage":"en-US"},{"@type":"Organization","@id":"https:\/\/vesturiskiaktivs.lv\/en\/#organization","name":"V\u0113sturiski akt\u012bvs","url":"https:\/\/vesturiskiaktivs.lv\/en\/","logo":{"@type":"ImageObject","inLanguage":"en-US","@id":"https:\/\/vesturiskiaktivs.lv\/en\/#\/schema\/logo\/image\/","url":"https:\/\/vesturiskiaktivs.lv\/wp-content\/uploads\/2024\/12\/cropped-vest.png","contentUrl":"https:\/\/vesturiskiaktivs.lv\/wp-content\/uploads\/2024\/12\/cropped-vest.png","width":195,"height":75,"caption":"V\u0113sturiski akt\u012bvs"},"image":{"@id":"https:\/\/vesturiskiaktivs.lv\/en\/#\/schema\/logo\/image\/"},"sameAs":["https:\/\/www.facebook.com\/vesturiskiaktivs","https:\/\/www.instagram.com\/vesturiskiaktivs\/","https:\/\/www.youtube.com\/channel\/UCjnwl9_afUvVSCsrMLrz6jQ\/videos"]}]}},"_links":{"self":[{"href":"https:\/\/vesturiskiaktivs.lv\/en\/wp-json\/wp\/v2\/pages\/1146","targetHints":{"allow":["GET"]}}],"collection":[{"href":"https:\/\/vesturiskiaktivs.lv\/en\/wp-json\/wp\/v2\/pages"}],"about":[{"href":"https:\/\/vesturiskiaktivs.lv\/en\/wp-json\/wp\/v2\/types\/page"}],"author":[{"embeddable":true,"href":"https:\/\/vesturiskiaktivs.lv\/en\/wp-json\/wp\/v2\/users\/1"}],"replies":[{"embeddable":true,"href":"https:\/\/vesturiskiaktivs.lv\/en\/wp-json\/wp\/v2\/comments?post=1146"}],"version-history":[{"count":6,"href":"https:\/\/vesturiskiaktivs.lv\/en\/wp-json\/wp\/v2\/pages\/1146\/revisions"}],"predecessor-version":[{"id":1654,"href":"https:\/\/vesturiskiaktivs.lv\/en\/wp-json\/wp\/v2\/pages\/1146\/revisions\/1654"}],"wp:attachment":[{"href":"https:\/\/vesturiskiaktivs.lv\/en\/wp-json\/wp\/v2\/media?parent=1146"}],"wp:term":[{"taxonomy":"category","embeddable":true,"href":"https:\/\/vesturiskiaktivs.lv\/en\/wp-json\/wp\/v2\/categories?post=1146"}],"curies":[{"name":"wp","href":"https:\/\/api.w.org\/{rel}","templated":true}]}}