{"id":1148,"date":"2025-01-09T17:22:55","date_gmt":"2025-01-09T15:22:55","guid":{"rendered":"https:\/\/vesturiskiaktivs.lv\/latviesi-un-livonija\/"},"modified":"2025-06-06T10:38:30","modified_gmt":"2025-06-06T07:38:30","slug":"latvians-and-livonia","status":"publish","type":"page","link":"https:\/\/vesturiskiaktivs.lv\/en\/latvians-and-livonia\/","title":{"rendered":"Latvians and Livonia"},"content":{"rendered":"\t\t<div data-elementor-type=\"wp-page\" data-elementor-id=\"1148\" class=\"elementor elementor-1148 elementor-163\" data-elementor-post-type=\"page\">\n\t\t\t\t\t\t<section class=\"elementor-section elementor-top-section elementor-element elementor-element-c09831c elementor-section-full_width elementor-section-height-min-height elementor-section-height-default elementor-section-items-middle\" data-id=\"c09831c\" data-element_type=\"section\" data-e-type=\"section\" data-settings=\"{&quot;mdp_selection_sticky_effect_enable&quot;:false}\">\n\t\t\t\t\t\t<div class=\"elementor-container elementor-column-gap-default\">\n\t\t\t\t\t<div class=\"elementor-column elementor-col-100 elementor-top-column elementor-element elementor-element-47580fc\" data-id=\"47580fc\" data-element_type=\"column\" data-e-type=\"column\" data-settings=\"{&quot;background_background&quot;:&quot;classic&quot;,&quot;mdp_selection_sticky_column_effect_enable&quot;:false}\">\n\t\t\t<div class=\"elementor-widget-wrap elementor-element-populated\">\n\t\t\t\t\t<div class=\"elementor-background-overlay\"><\/div>\n\t\t\t\t\t\t<div class=\"elementor-element elementor-element-406dbd8 elementor-widget elementor-widget-heading\" data-id=\"406dbd8\" data-element_type=\"widget\" data-e-type=\"widget\" data-widget_type=\"heading.default\">\n\t\t\t\t<div class=\"elementor-widget-container\">\n\t\t\t\t\t<h2 class=\"elementor-heading-title elementor-size-default\">Latvians and Livonia<\/h2>\t\t\t\t<\/div>\n\t\t\t\t<\/div>\n\t\t\t\t\t<\/div>\n\t\t<\/div>\n\t\t\t\t\t<\/div>\n\t\t<\/section>\n\t\t\t\t<section class=\"elementor-section elementor-top-section elementor-element elementor-element-881d1cf elementor-section-boxed elementor-section-height-default elementor-section-height-default\" data-id=\"881d1cf\" data-element_type=\"section\" data-e-type=\"section\" data-settings=\"{&quot;background_background&quot;:&quot;classic&quot;,&quot;mdp_selection_sticky_effect_enable&quot;:false}\">\n\t\t\t\t\t\t\t<div class=\"elementor-background-overlay\"><\/div>\n\t\t\t\t\t\t\t<div class=\"elementor-container elementor-column-gap-default\">\n\t\t\t\t\t<div class=\"elementor-column elementor-col-100 elementor-top-column elementor-element elementor-element-d4de12d\" data-id=\"d4de12d\" data-element_type=\"column\" data-e-type=\"column\" data-settings=\"{&quot;background_background&quot;:&quot;classic&quot;,&quot;mdp_selection_sticky_column_effect_enable&quot;:false}\">\n\t\t\t<div class=\"elementor-widget-wrap elementor-element-populated\">\n\t\t\t\t\t\t<section class=\"elementor-section elementor-inner-section elementor-element elementor-element-29d7dce elementor-section-full_width elementor-section-height-default elementor-section-height-default\" data-id=\"29d7dce\" data-element_type=\"section\" data-e-type=\"section\" data-settings=\"{&quot;mdp_selection_sticky_effect_enable&quot;:false}\">\n\t\t\t\t\t\t<div class=\"elementor-container elementor-column-gap-default\">\n\t\t\t\t\t<div class=\"elementor-column elementor-col-100 elementor-inner-column elementor-element elementor-element-5a35274\" data-id=\"5a35274\" data-element_type=\"column\" data-e-type=\"column\" data-settings=\"{&quot;mdp_selection_sticky_column_effect_enable&quot;:false}\">\n\t\t\t<div class=\"elementor-widget-wrap\">\n\t\t\t\t\t\t\t<\/div>\n\t\t<\/div>\n\t\t\t\t\t<\/div>\n\t\t<\/section>\n\t\t\t\t<section class=\"elementor-section elementor-inner-section elementor-element elementor-element-58372fb elementor-section-boxed elementor-section-height-default elementor-section-height-default\" data-id=\"58372fb\" data-element_type=\"section\" data-e-type=\"section\" data-settings=\"{&quot;mdp_selection_sticky_effect_enable&quot;:false}\">\n\t\t\t\t\t\t<div class=\"elementor-container elementor-column-gap-default\">\n\t\t\t\t\t<div class=\"elementor-column elementor-col-100 elementor-inner-column elementor-element elementor-element-281c282\" data-id=\"281c282\" data-element_type=\"column\" data-e-type=\"column\" data-settings=\"{&quot;mdp_selection_sticky_column_effect_enable&quot;:false}\">\n\t\t\t<div class=\"elementor-widget-wrap elementor-element-populated\">\n\t\t\t\t\t\t<div class=\"elementor-element elementor-element-486af07 elementor-vertical-align-middle elementor-widget elementor-widget-image-box\" data-id=\"486af07\" data-element_type=\"widget\" data-e-type=\"widget\" data-widget_type=\"image-box.default\">\n\t\t\t\t<div class=\"elementor-widget-container\">\n\t\t\t\t\t<div class=\"elementor-image-box-wrapper\"><div class=\"elementor-image-box-content\"><h4 class=\"elementor-image-box-title\">Prof. A. Spekke, \u201cLatvians and Livonia in the 16th Century\u201d, Part III, Chapter 3, Conclusion, Paragraph 2:<\/h4><\/div><\/div>\t\t\t\t<\/div>\n\t\t\t\t<\/div>\n\t\t\t\t<div class=\"elementor-element elementor-element-878c85c elementor-widget elementor-widget-text-editor\" data-id=\"878c85c\" data-element_type=\"widget\" data-e-type=\"widget\" data-widget_type=\"text-editor.default\">\n\t\t\t\t<div class=\"elementor-widget-container\">\n\t\t\t\t\t\t\t\t\t<blockquote data-start=\"308\" data-end=\"2136\">\n<p class=\"\" data-start=\"310\" data-end=\"994\">\u201cToday, our scholars\u2014especially mythologists\u2014are left to reconstruct the ancient Baltic Olympus and the early civilization of the Baltic tribes from fragments and ruins.<br data-start=\"479\" data-end=\"482\" \/>This task requires not only deep and extensive knowledge, but also <strong data-start=\"551\" data-end=\"560\">pride<\/strong> and a <strong data-start=\"567\" data-end=\"587\">synthetic spirit<\/strong>\u2014a mind capable of uncovering deeper connections and the threads of destiny, capable of sensing the air filled with the unseen\u2014ghosts of the spiritual structures and castles built by generations before us\u2014where others see only scattered facts or nothing at all.<br data-start=\"848\" data-end=\"851\" \/>And these ruins are many; some are still fresh\u2014living in our traditions (for example, folk songs and costumes), and even within our psyche.<\/p>\n<p class=\"\" data-start=\"1002\" data-end=\"2136\">Thus, the foundation for building upon the past is wide and rich in material, and the task is far easier and quicker than, say, reconstructing the mythology of long-dead ancient cultures.<br data-start=\"1189\" data-end=\"1192\" \/>All that is needed is to begin to understand\u2014and then, hopefully, we will finally free ourselves from the foreign misunderstandings, misinterpretations, silences, and scorn with which our history has so often been shrouded.<br data-start=\"1417\" data-end=\"1420\" \/>Then, we may begin to see what the <strong data-start=\"1457\" data-end=\"1474\">\u201cBaltic case\u201d<\/strong> of civilization can offer and what questions it can raise for understanding the course of humanity.<br data-start=\"1574\" data-end=\"1577\" \/>When ancient Mayan cities and pyramids entwined in foreign jungle traditions are discovered in Central America, researchers and artists soon emerge to document and glorify them.<br data-start=\"1756\" data-end=\"1759\" \/>In this place\u2014and in many others like it\u2014we, the descendants of the ancient Baltic race, <strong data-start=\"1850\" data-end=\"1871\">part ways forever<\/strong> with earlier schools of historical thought: for them, our fall and decline was seen as progress; for us, it is the foreign oppression of centuries endured.<br data-start=\"2027\" data-end=\"2030\" \/>The <strong data-start=\"2036\" data-end=\"2071\">revival of our ancient heritage<\/strong> is instead a <strong data-start=\"2085\" data-end=\"2134\">source of great and ever-renewing inspiration<\/strong>.\u201d<\/p>\n<\/blockquote>\n<p><\/p>\n<p class=\"\" data-start=\"2138\" data-end=\"2150\"><em data-start=\"2138\" data-end=\"2150\">Riga, 1935<\/em><\/p>\n\t\t\t\t\t\t\t\t<\/div>\n\t\t\t\t<\/div>\n\t\t\t\t\t<\/div>\n\t\t<\/div>\n\t\t\t\t\t<\/div>\n\t\t<\/section>\n\t\t\t\t<div class=\"elementor-element elementor-element-7b63157 elementor-widget-divider--view-line elementor-widget elementor-widget-divider\" data-id=\"7b63157\" data-element_type=\"widget\" data-e-type=\"widget\" data-widget_type=\"divider.default\">\n\t\t\t\t<div class=\"elementor-widget-container\">\n\t\t\t\t\t\t\t<div class=\"elementor-divider\">\n\t\t\t<span class=\"elementor-divider-separator\">\n\t\t\t\t\t\t<\/span>\n\t\t<\/div>\n\t\t\t\t\t\t<\/div>\n\t\t\t\t<\/div>\n\t\t\t\t<div class=\"elementor-element elementor-element-7feea8a elementor-widget elementor-widget-heading\" data-id=\"7feea8a\" data-element_type=\"widget\" data-e-type=\"widget\" data-widget_type=\"heading.default\">\n\t\t\t\t<div class=\"elementor-widget-container\">\n\t\t\t\t\t<h4 class=\"elementor-heading-title elementor-size-default\">Garl\u012bbs Mer\u0137elis, \u201cThe Latvians\u201d, Chapter 2, \u201cOn the Latvian Character,\u201d Paragraph 7:<\/h4>\t\t\t\t<\/div>\n\t\t\t\t<\/div>\n\t\t\t\t<section class=\"elementor-section elementor-inner-section elementor-element elementor-element-b8d0c71 elementor-section-boxed elementor-section-height-default elementor-section-height-default\" data-id=\"b8d0c71\" data-element_type=\"section\" data-e-type=\"section\" data-settings=\"{&quot;mdp_selection_sticky_effect_enable&quot;:false}\">\n\t\t\t\t\t\t<div class=\"elementor-container elementor-column-gap-default\">\n\t\t\t\t\t<div class=\"elementor-column elementor-col-100 elementor-inner-column elementor-element elementor-element-b64670e\" data-id=\"b64670e\" data-element_type=\"column\" data-e-type=\"column\" data-settings=\"{&quot;mdp_selection_sticky_column_effect_enable&quot;:false}\">\n\t\t\t<div class=\"elementor-widget-wrap elementor-element-populated\">\n\t\t\t\t\t\t<div class=\"elementor-element elementor-element-4c18be8 elementor-widget elementor-widget-text-editor\" data-id=\"4c18be8\" data-element_type=\"widget\" data-e-type=\"widget\" data-widget_type=\"text-editor.default\">\n\t\t\t\t<div class=\"elementor-widget-container\">\n\t\t\t\t\t\t\t\t\t<blockquote data-start=\"2250\" data-end=\"3863\">\n<p class=\"\" data-start=\"2252\" data-end=\"2805\">\u201cOrdinary people drag themselves along the wide road, never going where they want, but only where the crowd around them flows.<br data-start=\"2378\" data-end=\"2381\" \/>They change constantly, remaining consistent only in their chameleon-like tendency to take on the color of their surroundings.<br data-start=\"2509\" data-end=\"2512\" \/>They possess no distinct character of their own\u2014only the one that circumstances have imposed upon their people.<br data-start=\"2625\" data-end=\"2628\" \/>They lived merrily with the French of old, politicked with the English, bartered like the Dutch, and drank themselves into oblivion among the Latvians, from cradle to grave.<\/p>\n<p class=\"\" data-start=\"2813\" data-end=\"3773\">In contrast, those whom nature has gifted with a more fiery temperament and greater strength of character and talent stray from the well-worn path.<br data-start=\"2960\" data-end=\"2963\" \/>They rush through swamps and thickets, meadows and groves, chasing the splendid image that their imagination paints before them\u2014until its colors slowly fade and it vanishes into the blue.<br data-start=\"3152\" data-end=\"3155\" \/>Weary, he stops to catch his breath.<br data-start=\"3193\" data-end=\"3196\" \/>Calmly, with a sharp and discerning eye, he surveys the world and weighs what his efforts have achieved.<br data-start=\"3302\" data-end=\"3305\" \/>He enjoys the fruits of his labor and, with steady step, moves toward a sure goal.<br data-start=\"3389\" data-end=\"3392\" \/>Though he no longer burns with the youthful fire and dreams of old, he is rewarded with a more modest desire\u2014less easily deceived, yet truly satisfying.<br data-start=\"3546\" data-end=\"3549\" \/>Thus, the extraordinary man returns to the everyday world as a strong, industrious being, and the centuries <strong data-start=\"3659\" data-end=\"3677\">bless his life<\/strong>; or, with eyes half-closed, he continues wandering through the magical garden of imagination.<\/p>\n<p class=\"\" data-start=\"3781\" data-end=\"3863\">People look after him in confusion, puzzled by his strangeness\u2014and they pity him.\u201d<\/p>\n<\/blockquote>\n<p><\/p>\n<p class=\"\" data-start=\"3865\" data-end=\"3899\"><em data-start=\"3865\" data-end=\"3899\">First published in Leipzig, 1797<\/em><\/p>\n\t\t\t\t\t\t\t\t<\/div>\n\t\t\t\t<\/div>\n\t\t\t\t\t<\/div>\n\t\t<\/div>\n\t\t\t\t\t<\/div>\n\t\t<\/section>\n\t\t\t\t\t<\/div>\n\t\t<\/div>\n\t\t\t\t\t<\/div>\n\t\t<\/section>\n\t\t\t\t<\/div>\n\t\t","protected":false},"excerpt":{"rendered":"<p>Latvians and Livonia Prof. A. Spekke, \u201cLatvians and Livonia in the 16th Century\u201d, Part III, Chapter 3, Conclusion, Paragraph 2: \u201cToday, our scholars\u2014especially mythologists\u2014are left to reconstruct the ancient Baltic Olympus and the early civilization of the Baltic tribes from fragments and ruins.This task requires not only deep and extensive knowledge, but also pride and [&hellip;]<\/p>\n","protected":false},"author":1,"featured_media":0,"parent":0,"menu_order":0,"comment_status":"closed","ping_status":"closed","template":"","meta":{"footnotes":""},"categories":[],"class_list":["post-1148","page","type-page","status-publish","hentry"],"yoast_head":"<!-- This site is optimized with the Yoast SEO plugin v27.4 - https:\/\/yoast.com\/product\/yoast-seo-wordpress\/ -->\n<title>Latvians and Livonia - V\u0113sturiski akt\u012bvs<\/title>\n<meta name=\"description\" content=\"LATVIANS AND LIVONIA\" \/>\n<meta name=\"robots\" content=\"index, follow, max-snippet:-1, max-image-preview:large, max-video-preview:-1\" \/>\n<link rel=\"canonical\" href=\"https:\/\/vesturiskiaktivs.lv\/en\/latvians-and-livonia\/\" \/>\n<meta property=\"og:locale\" content=\"en_US\" \/>\n<meta property=\"og:type\" content=\"article\" \/>\n<meta property=\"og:title\" content=\"Latvians and Livonia - V\u0113sturiski akt\u012bvs\" \/>\n<meta property=\"og:description\" content=\"LATVIANS AND LIVONIA\" \/>\n<meta property=\"og:url\" content=\"https:\/\/vesturiskiaktivs.lv\/en\/latvians-and-livonia\/\" \/>\n<meta property=\"og:site_name\" content=\"V\u0113sturiski akt\u012bvs\" \/>\n<meta property=\"article:publisher\" content=\"https:\/\/www.facebook.com\/vesturiskiaktivs\" \/>\n<meta property=\"article:modified_time\" content=\"2025-06-06T07:38:30+00:00\" \/>\n<meta property=\"og:image\" content=\"https:\/\/vesturiskiaktivs.lv\/wp-content\/uploads\/2024\/12\/vest.png\" \/>\n\t<meta property=\"og:image:width\" content=\"195\" \/>\n\t<meta property=\"og:image:height\" content=\"75\" \/>\n\t<meta property=\"og:image:type\" content=\"image\/png\" \/>\n<meta name=\"twitter:card\" content=\"summary_large_image\" \/>\n<meta name=\"twitter:label1\" content=\"Est. reading time\" \/>\n\t<meta name=\"twitter:data1\" content=\"1 minute\" \/>\n<script type=\"application\/ld+json\" class=\"yoast-schema-graph\">{\"@context\":\"https:\\\/\\\/schema.org\",\"@graph\":[{\"@type\":\"WebPage\",\"@id\":\"https:\\\/\\\/vesturiskiaktivs.lv\\\/en\\\/latvians-and-livonia\\\/\",\"url\":\"https:\\\/\\\/vesturiskiaktivs.lv\\\/en\\\/latvians-and-livonia\\\/\",\"name\":\"Latvians and Livonia - V\u0113sturiski akt\u012bvs\",\"isPartOf\":{\"@id\":\"https:\\\/\\\/vesturiskiaktivs.lv\\\/en\\\/#website\"},\"datePublished\":\"2025-01-09T15:22:55+00:00\",\"dateModified\":\"2025-06-06T07:38:30+00:00\",\"description\":\"LATVIANS AND LIVONIA\",\"breadcrumb\":{\"@id\":\"https:\\\/\\\/vesturiskiaktivs.lv\\\/en\\\/latvians-and-livonia\\\/#breadcrumb\"},\"inLanguage\":\"en-US\",\"potentialAction\":[{\"@type\":\"ReadAction\",\"target\":[\"https:\\\/\\\/vesturiskiaktivs.lv\\\/en\\\/latvians-and-livonia\\\/\"]}]},{\"@type\":\"BreadcrumbList\",\"@id\":\"https:\\\/\\\/vesturiskiaktivs.lv\\\/en\\\/latvians-and-livonia\\\/#breadcrumb\",\"itemListElement\":[{\"@type\":\"ListItem\",\"position\":1,\"name\":\"Home\",\"item\":\"https:\\\/\\\/vesturiskiaktivs.lv\\\/en\\\/\"},{\"@type\":\"ListItem\",\"position\":2,\"name\":\"Latvians and Livonia\"}]},{\"@type\":\"WebSite\",\"@id\":\"https:\\\/\\\/vesturiskiaktivs.lv\\\/en\\\/#website\",\"url\":\"https:\\\/\\\/vesturiskiaktivs.lv\\\/en\\\/\",\"name\":\"V\u0113sturiski akt\u012bvs\",\"description\":\"Piedz\u012bvojums ik katram\",\"publisher\":{\"@id\":\"https:\\\/\\\/vesturiskiaktivs.lv\\\/en\\\/#organization\"},\"potentialAction\":[{\"@type\":\"SearchAction\",\"target\":{\"@type\":\"EntryPoint\",\"urlTemplate\":\"https:\\\/\\\/vesturiskiaktivs.lv\\\/en\\\/?s={search_term_string}\"},\"query-input\":{\"@type\":\"PropertyValueSpecification\",\"valueRequired\":true,\"valueName\":\"search_term_string\"}}],\"inLanguage\":\"en-US\"},{\"@type\":\"Organization\",\"@id\":\"https:\\\/\\\/vesturiskiaktivs.lv\\\/en\\\/#organization\",\"name\":\"V\u0113sturiski akt\u012bvs\",\"url\":\"https:\\\/\\\/vesturiskiaktivs.lv\\\/en\\\/\",\"logo\":{\"@type\":\"ImageObject\",\"inLanguage\":\"en-US\",\"@id\":\"https:\\\/\\\/vesturiskiaktivs.lv\\\/en\\\/#\\\/schema\\\/logo\\\/image\\\/\",\"url\":\"https:\\\/\\\/vesturiskiaktivs.lv\\\/wp-content\\\/uploads\\\/2024\\\/12\\\/cropped-vest.png\",\"contentUrl\":\"https:\\\/\\\/vesturiskiaktivs.lv\\\/wp-content\\\/uploads\\\/2024\\\/12\\\/cropped-vest.png\",\"width\":195,\"height\":75,\"caption\":\"V\u0113sturiski akt\u012bvs\"},\"image\":{\"@id\":\"https:\\\/\\\/vesturiskiaktivs.lv\\\/en\\\/#\\\/schema\\\/logo\\\/image\\\/\"},\"sameAs\":[\"https:\\\/\\\/www.facebook.com\\\/vesturiskiaktivs\",\"https:\\\/\\\/www.instagram.com\\\/vesturiskiaktivs\\\/\",\"https:\\\/\\\/www.youtube.com\\\/channel\\\/UCjnwl9_afUvVSCsrMLrz6jQ\\\/videos\"]}]}<\/script>\n<!-- \/ Yoast SEO plugin. -->","yoast_head_json":{"title":"Latvians and Livonia - V\u0113sturiski akt\u012bvs","description":"LATVIANS AND LIVONIA","robots":{"index":"index","follow":"follow","max-snippet":"max-snippet:-1","max-image-preview":"max-image-preview:large","max-video-preview":"max-video-preview:-1"},"canonical":"https:\/\/vesturiskiaktivs.lv\/en\/latvians-and-livonia\/","og_locale":"en_US","og_type":"article","og_title":"Latvians and Livonia - V\u0113sturiski akt\u012bvs","og_description":"LATVIANS AND LIVONIA","og_url":"https:\/\/vesturiskiaktivs.lv\/en\/latvians-and-livonia\/","og_site_name":"V\u0113sturiski akt\u012bvs","article_publisher":"https:\/\/www.facebook.com\/vesturiskiaktivs","article_modified_time":"2025-06-06T07:38:30+00:00","og_image":[{"width":195,"height":75,"url":"https:\/\/vesturiskiaktivs.lv\/wp-content\/uploads\/2024\/12\/vest.png","type":"image\/png"}],"twitter_card":"summary_large_image","twitter_misc":{"Est. reading time":"1 minute"},"schema":{"@context":"https:\/\/schema.org","@graph":[{"@type":"WebPage","@id":"https:\/\/vesturiskiaktivs.lv\/en\/latvians-and-livonia\/","url":"https:\/\/vesturiskiaktivs.lv\/en\/latvians-and-livonia\/","name":"Latvians and Livonia - V\u0113sturiski akt\u012bvs","isPartOf":{"@id":"https:\/\/vesturiskiaktivs.lv\/en\/#website"},"datePublished":"2025-01-09T15:22:55+00:00","dateModified":"2025-06-06T07:38:30+00:00","description":"LATVIANS AND LIVONIA","breadcrumb":{"@id":"https:\/\/vesturiskiaktivs.lv\/en\/latvians-and-livonia\/#breadcrumb"},"inLanguage":"en-US","potentialAction":[{"@type":"ReadAction","target":["https:\/\/vesturiskiaktivs.lv\/en\/latvians-and-livonia\/"]}]},{"@type":"BreadcrumbList","@id":"https:\/\/vesturiskiaktivs.lv\/en\/latvians-and-livonia\/#breadcrumb","itemListElement":[{"@type":"ListItem","position":1,"name":"Home","item":"https:\/\/vesturiskiaktivs.lv\/en\/"},{"@type":"ListItem","position":2,"name":"Latvians and Livonia"}]},{"@type":"WebSite","@id":"https:\/\/vesturiskiaktivs.lv\/en\/#website","url":"https:\/\/vesturiskiaktivs.lv\/en\/","name":"V\u0113sturiski akt\u012bvs","description":"Piedz\u012bvojums ik katram","publisher":{"@id":"https:\/\/vesturiskiaktivs.lv\/en\/#organization"},"potentialAction":[{"@type":"SearchAction","target":{"@type":"EntryPoint","urlTemplate":"https:\/\/vesturiskiaktivs.lv\/en\/?s={search_term_string}"},"query-input":{"@type":"PropertyValueSpecification","valueRequired":true,"valueName":"search_term_string"}}],"inLanguage":"en-US"},{"@type":"Organization","@id":"https:\/\/vesturiskiaktivs.lv\/en\/#organization","name":"V\u0113sturiski akt\u012bvs","url":"https:\/\/vesturiskiaktivs.lv\/en\/","logo":{"@type":"ImageObject","inLanguage":"en-US","@id":"https:\/\/vesturiskiaktivs.lv\/en\/#\/schema\/logo\/image\/","url":"https:\/\/vesturiskiaktivs.lv\/wp-content\/uploads\/2024\/12\/cropped-vest.png","contentUrl":"https:\/\/vesturiskiaktivs.lv\/wp-content\/uploads\/2024\/12\/cropped-vest.png","width":195,"height":75,"caption":"V\u0113sturiski akt\u012bvs"},"image":{"@id":"https:\/\/vesturiskiaktivs.lv\/en\/#\/schema\/logo\/image\/"},"sameAs":["https:\/\/www.facebook.com\/vesturiskiaktivs","https:\/\/www.instagram.com\/vesturiskiaktivs\/","https:\/\/www.youtube.com\/channel\/UCjnwl9_afUvVSCsrMLrz6jQ\/videos"]}]}},"_links":{"self":[{"href":"https:\/\/vesturiskiaktivs.lv\/en\/wp-json\/wp\/v2\/pages\/1148","targetHints":{"allow":["GET"]}}],"collection":[{"href":"https:\/\/vesturiskiaktivs.lv\/en\/wp-json\/wp\/v2\/pages"}],"about":[{"href":"https:\/\/vesturiskiaktivs.lv\/en\/wp-json\/wp\/v2\/types\/page"}],"author":[{"embeddable":true,"href":"https:\/\/vesturiskiaktivs.lv\/en\/wp-json\/wp\/v2\/users\/1"}],"replies":[{"embeddable":true,"href":"https:\/\/vesturiskiaktivs.lv\/en\/wp-json\/wp\/v2\/comments?post=1148"}],"version-history":[{"count":3,"href":"https:\/\/vesturiskiaktivs.lv\/en\/wp-json\/wp\/v2\/pages\/1148\/revisions"}],"predecessor-version":[{"id":1239,"href":"https:\/\/vesturiskiaktivs.lv\/en\/wp-json\/wp\/v2\/pages\/1148\/revisions\/1239"}],"wp:attachment":[{"href":"https:\/\/vesturiskiaktivs.lv\/en\/wp-json\/wp\/v2\/media?parent=1148"}],"wp:term":[{"taxonomy":"category","embeddable":true,"href":"https:\/\/vesturiskiaktivs.lv\/en\/wp-json\/wp\/v2\/categories?post=1148"}],"curies":[{"name":"wp","href":"https:\/\/api.w.org\/{rel}","templated":true}]}}